{"id":15348,"date":"2025-10-28T17:02:19","date_gmt":"2025-10-28T10:02:19","guid":{"rendered":"https:\/\/web-ban-le.mbws.vn\/thiet-bi-dien-tu\/?post_type=product&#038;p=15348"},"modified":"2025-11-04T13:19:49","modified_gmt":"2025-11-04T06:19:49","slug":"cu-sac-nhanh-20w-hoco-dung-cho-14-13-12-11-bo-2-cong-sac-type-c-pd20w-va-usb-18w-sac-net-ben-bi","status":"publish","type":"product","link":"https:\/\/web-ban-le.mbws.vn\/thiet-bi-dien-tu\/san-pham\/cu-sac-nhanh-20w-hoco-dung-cho-14-13-12-11-bo-2-cong-sac-type-c-pd20w-va-usb-18w-sac-net-ben-bi\/","title":{"rendered":"C\u1ee7 s\u1ea1c nhanh 20w HOCO d\u00f9ng cho 14 13 12 11 &#8230; B\u1ed9 2 c\u1ed5ng s\u1ea1c type c pd20w v\u00e0 usb 18w s\u1eafc n\u00e9t b\u1ec1n b\u1ec9"},"content":{"rendered":"<div class=\"e8lZp3\">\n<p class=\"QN2lPu\">* * * * * * * * * * * * * * * * * * * * * * * * * * * * * * * GI\u1edaI THI\u1ec6U  SHOP* * * * * * * * * * * * * * * * * * * * * * * * * * * * * * <\/p>\n<p class=\"QN2lPu\">\n<p class=\"QN2lPu\">\n<p class=\"QN2lPu\">\n<p class=\"QN2lPu\">&#8211; Th\u01b0\u01a1ng hi\u1ec7u Hoco \u0111\u00e3 ho\u1ea1t \u0111\u1ed9ng 10 n\u0103m \u0111\u00e3 kh\u1eb3ng \u0111\u1ecbnh \u0111\u01b0\u1ee3c ch\u1ea5t l\u01b0\u1ee3ng v\u00e0 vi th\u1ebf trong l\u00f2ng ng\u01b0\u1eddi ti\u00eau d\u00f9ng .<\/p>\n<p class=\"QN2lPu\">\n<p class=\"QN2lPu\">\n<p class=\"QN2lPu\">\n<p class=\"QN2lPu\">* * * * * * * * * * * * * * * * * * * * * * * * * * * * * * TH\u00d4NG TIN S\u1ea2N PH\u1ea8M* * * * * * * * * * * * * * * * * * * * * * * * * * * *<\/p>\n<p class=\"QN2lPu\">\n<p class=\"QN2lPu\">Th\u00f4ng s\u1ed1 c\u1ee7 s\u1ea1c :<\/p>\n<p class=\"QN2lPu\">\n<p class=\"QN2lPu\">1. \u0110\u1ea7u ra: USB: DC3.6V-6.5V \/ 3.0A, 6.6V-9V \/ 2.0A, 9.1V-12V \/ 1.5A, 20W.<\/p>\n<p class=\"QN2lPu\">\n<p class=\"QN2lPu\">Lo\u1ea1i-C: 5V \/ 3A (PD), 9V \/ 2A (PD), 12V \/ 1.5A (PD), 20W.<\/p>\n<p class=\"QN2lPu\">\n<p class=\"QN2lPu\">T\u1ed5ng s\u1ea3n l\u01b0\u1ee3ng: t\u1ed1i \u0111a 5V \/ 3.1A.<\/p>\n<p class=\"QN2lPu\">\n<p class=\"QN2lPu\">2. Ch\u00e2n c\u1eafm d\u1eb9p chu\u1ea9n US. Ch\u1ea5t li\u1ec7u PC ch\u1ed1ng ch\u00e1y.<\/p>\n<p class=\"QN2lPu\">\n<p class=\"QN2lPu\">3. H\u1ed7 tr\u1ee3 PD 20w c\u1ed5ng type c v\u00e0 18w c\u1ed5ng usb<\/p>\n<p class=\"QN2lPu\">\n<p class=\"QN2lPu\">4. K\u00edch th\u01b0\u1edbc: 65 * 46 * 25 mm, tr\u1ecdng l\u01b0\u1ee3ng c\u1ee7 s\u1ea1c \u0111\u01a1n: 45g, \u0111\u1eb7t v\u1edbi tr\u1ecdng l\u01b0\u1ee3ng c\u00e1p: 71g.<\/p>\n<p class=\"QN2lPu\">\n<p class=\"QN2lPu\">5. M\u00e0u s\u1eafc: Tr\u1eafng<\/p>\n<p class=\"QN2lPu\">\n<p class=\"QN2lPu\">Th\u00f4ng s\u1ed1 d\u00e2y s\u1ea1c :<\/p>\n<p class=\"QN2lPu\">\n<p class=\"QN2lPu\">&#8211; Chi\u1ec1u d\u00e0i c\u00e1p: 1 M\u00e9t 2 M\u00e9t<\/p>\n<p class=\"QN2lPu\">\n<p class=\"QN2lPu\">&#8211; Tr\u1ecdng l\u01b0\u1ee3ng: 35g.<\/p>\n<p class=\"QN2lPu\">\n<p class=\"QN2lPu\">&#8211; C\u00f4ng su\u1ea5t s\u1ea1c t\u1ed1i \u0111a: PD 20W PD27W<\/p>\n<p class=\"QN2lPu\">\n<p class=\"QN2lPu\">&#8211; Ch\u1ea5t li\u1ec7u: silicon<\/p>\n<p class=\"QN2lPu\">\n<p class=\"QN2lPu\">&#8211; M\u00e0u s\u1eafc: tr\u1eafng<\/p>\n<p class=\"QN2lPu\">\n<p class=\"QN2lPu\">\n<p class=\"QN2lPu\">\n<p class=\"QN2lPu\">-Ph\u00e2n lo\u1ea1i s\u1ea3n ph\u1ea9m :<\/p>\n<p class=\"QN2lPu\">\n<p class=\"QN2lPu\">CH\u1ec8 B\u00c1N C\u1ee6 S\u1ea0C : b\u1ed9 s\u1ea3n ph\u1ea9m ch\u1ec9 c\u00f3 c\u1ee7 s\u1ea1c<\/p>\n<p class=\"QN2lPu\">\n<p class=\"QN2lPu\">COMBO C\u1ee6+D\u00c2Y 20W 1M : b\u1ed9 s\u1ea3n ph\u1ea9m c\u00f3 c\u1ee7 s\u1ea1c + d\u00e2y s\u1ea1c 20w 1m<\/p>\n<p class=\"QN2lPu\">\n<p class=\"QN2lPu\">COMBO C\u1ee6+D\u00c2Y 20W 2M : b\u1ed9 s\u1ea3n ph\u1ea9m c\u00f3 c\u1ee7 s\u1ea1c + d\u00e2y s\u1ea1c 20w 2m<\/p>\n<p class=\"QN2lPu\">\n<p class=\"QN2lPu\">\n<p class=\"QN2lPu\">\n<p class=\"QN2lPu\">* * * * * * * * * * * * * * * * * * * * * * * * * * QUY\u1ec0N L\u1ee2I C\u1ee6A KH\u00c1CH H\u00c0NG * * * * * * * * * * * * * * * * * * * * * * * * * * * <\/p>\n<p class=\"QN2lPu\">\n<p class=\"QN2lPu\">\n<p class=\"QN2lPu\">\n<p class=\"QN2lPu\">&#8211; H\u00e0ng ch\u00ednh h\u00e3ng 100%<\/p>\n<p class=\"QN2lPu\">\n<p class=\"QN2lPu\">&#8211; Lu\u00f4n lu\u00f4n s\u1eb5n h\u00e0ng , th\u1eddi gian \u0111\u00f3ng g\u00f3i nhanh tr\u00f3ng<\/p>\n<p class=\"QN2lPu\">\n<p class=\"QN2lPu\">&#8211; d\u1eef v\u1ecf h\u1ed9p \u0111\u1ec3 \u0111\u01b0\u1ee3c h\u1ed7 tr\u1ee3 khi s\u1ea3n ph\u1ea9m l\u1ed7i .<\/p>\n<\/div>\n","protected":false},"excerpt":{"rendered":"<p>* * * * * * * * * * * * * * * * * * * * * * * * * * * * * * * GI\u1edaI THI\u1ec6U SHOP* * * * * * * * * * * * * * * * * * * * * *&#8230;<\/p>\n","protected":false},"featured_media":15371,"comment_status":"open","ping_status":"closed","template":"","meta":[],"product_brand":[1881],"product_cat":[1714,1669],"product_tag":[],"class_list":{"0":"post-15348","1":"product","2":"type-product","3":"status-publish","4":"has-post-thumbnail","6":"product_brand-hoco","7":"product_cat-coc-bo-sac","8":"product_cat-pin-gan-trong","10":"first","11":"instock","12":"sale","13":"shipping-taxable","14":"purchasable","15":"product-type-variable"},"_links":{"self":[{"href":"https:\/\/web-ban-le.mbws.vn\/thiet-bi-dien-tu\/wp-json\/wp\/v2\/product\/15348","targetHints":{"allow":["GET"]}}],"collection":[{"href":"https:\/\/web-ban-le.mbws.vn\/thiet-bi-dien-tu\/wp-json\/wp\/v2\/product"}],"about":[{"href":"https:\/\/web-ban-le.mbws.vn\/thiet-bi-dien-tu\/wp-json\/wp\/v2\/types\/product"}],"replies":[{"embeddable":true,"href":"https:\/\/web-ban-le.mbws.vn\/thiet-bi-dien-tu\/wp-json\/wp\/v2\/comments?post=15348"}],"wp:featuredmedia":[{"embeddable":true,"href":"https:\/\/web-ban-le.mbws.vn\/thiet-bi-dien-tu\/wp-json\/wp\/v2\/media\/15371"}],"wp:attachment":[{"href":"https:\/\/web-ban-le.mbws.vn\/thiet-bi-dien-tu\/wp-json\/wp\/v2\/media?parent=15348"}],"wp:term":[{"taxonomy":"product_brand","embeddable":true,"href":"https:\/\/web-ban-le.mbws.vn\/thiet-bi-dien-tu\/wp-json\/wp\/v2\/product_brand?post=15348"},{"taxonomy":"product_cat","embeddable":true,"href":"https:\/\/web-ban-le.mbws.vn\/thiet-bi-dien-tu\/wp-json\/wp\/v2\/product_cat?post=15348"},{"taxonomy":"product_tag","embeddable":true,"href":"https:\/\/web-ban-le.mbws.vn\/thiet-bi-dien-tu\/wp-json\/wp\/v2\/product_tag?post=15348"}],"curies":[{"name":"wp","href":"https:\/\/api.w.org\/{rel}","templated":true}]}}