{"id":15350,"date":"2025-10-28T17:02:19","date_gmt":"2025-10-28T10:02:19","guid":{"rendered":"https:\/\/web-ban-le.mbws.vn\/thiet-bi-dien-tu\/?post_type=product&#038;p=15350"},"modified":"2025-11-04T13:19:49","modified_gmt":"2025-11-04T06:19:49","slug":"day-aux-boc-du-hoco-dai-1m-2m-cap-am-thanh-2-dau-3-5-mm-dung-cho-loa-tai-nghe-vv","status":"publish","type":"product","link":"https:\/\/web-ban-le.mbws.vn\/thiet-bi-dien-tu\/san-pham\/day-aux-boc-du-hoco-dai-1m-2m-cap-am-thanh-2-dau-3-5-mm-dung-cho-loa-tai-nghe-vv\/","title":{"rendered":"D\u00e2y Aux b\u1ecdc d\u00f9 Hoco d\u00e0i 1m 2m C\u00e1p \u00e2m thanh 2 \u0111\u1ea7u 3.5 mm d\u00f9ng cho loa tai nghe &#8230;vv"},"content":{"rendered":"<div class=\"e8lZp3\">\n<p class=\"QN2lPu\"> * * * * * * * * * * * * * * * * * * * * * * * * * * * * * * GI\u1edaI THI\u1ec6U  SHOP* * * * * * * * * * * * * * * * * * * * * * * * * * * * * * <\/p>\n<p class=\"QN2lPu\">\n<p class=\"QN2lPu\">&#8211; Th\u01b0\u01a1ng hi\u1ec7u Hoco \u0111\u00e3 ho\u1ea1t \u0111\u1ed9ng 10 n\u0103m \u0111\u00e3 kh\u1eb3ng \u0111\u1ecbnh \u0111\u01b0\u1ee3c ch\u1ea5t l\u01b0\u1ee3ng v\u00e0 vi th\u1ebf trong l\u00f2ng ng\u01b0\u1eddi ti\u00eau d\u00f9ng .<\/p>\n<p class=\"QN2lPu\">\n<p class=\"QN2lPu\">* * * * * * * * * * * * * * * * * * * * * * * * * * * * * * TH\u00d4NG TIN S\u1ea2N PH\u1ea8M* * * * * * * * * * * * * * * * * * * * * * * * * * * *<\/p>\n<p class=\"QN2lPu\">\n<p class=\"QN2lPu\">&#8211; Chi\u1ec1u d\u00e0i: 1m 2m<\/p>\n<p class=\"QN2lPu\">-Tr\u1ecdng l\u01b0\u1ee3ng: 14g<\/p>\n<p class=\"QN2lPu\">&#8211; Ch\u1ea5t li\u1ec7u b\u1ecdc : b\u1ec7n nylon + TPE 3. <\/p>\n<p class=\"QN2lPu\">&#8211; L\u00f5i d\u00e2y: M\u00e1y \u0111o d\u00e2y l\u00f5i \u0111\u1ed3ng kh\u00f4ng ch\u1ee9a oxy ba l\u00f5i 0D3.3, 16 \/ 0.08 * 3<\/p>\n<p class=\"QN2lPu\">&#8211; H\u1ed7 tr\u1ee3 chuy\u1ec3n \u0111\u1ed5i jack 3.5mm sang 3.5mm <\/p>\n<p class=\"QN2lPu\">&#8211; H\u1ed7 tr\u1ee3 h\u1ea7u h\u1ebft c\u00e1c m\u1eabu android v\u00e0 c\u00e1c th\u01b0\u01a1ng hi\u1ec7u kh\u00e1c, h\u1ed7 tr\u1ee3 m\u1ed9t s\u1ed1 m\u1eabu \u0111i\u1ec7n tho\u1ea1i di \u0111\u1ed9ng m\u00e1y t\u00ednh b\u1ea3ng<\/p>\n<p class=\"QN2lPu\">\n<p class=\"QN2lPu\">* * * * * * * * * * * * * * * * * * * * * * * * * * QUY\u1ec0N L\u1ee2I C\u1ee6A KH\u00c1CH H\u00c0NG * * * * * * * * * * * * * * * * * * * * * * * * * * * <\/p>\n<p class=\"QN2lPu\">\n<p class=\"QN2lPu\">&#8211; H\u00e0ng ch\u00ednh h\u00e3ng 100%<\/p>\n<p class=\"QN2lPu\">&#8211; Lu\u00f4n lu\u00f4n s\u1eb5n h\u00e0ng , th\u1eddi gian \u0111\u00f3ng g\u00f3i nhanh tr\u00f3ng<\/p>\n<p class=\"QN2lPu\">&#8211; d\u1eef v\u1ecf h\u1ed9p \u0111\u1ec3 \u0111\u01b0\u1ee3c h\u1ed7 tr\u1ee3 khi s\u1ea3n ph\u1ea9m l\u1ed7i .<\/p>\n<\/div>\n","protected":false},"excerpt":{"rendered":"<p>* * * * * * * * * * * * * * * * * * * * * * * * * * * * * * GI\u1edaI THI\u1ec6U SHOP* * * * * * * * * * * * * * * * * * * * * * *&#8230;<\/p>\n","protected":false},"featured_media":15400,"comment_status":"open","ping_status":"closed","template":"","meta":[],"product_brand":[1881],"product_cat":[1736,1737],"product_tag":[],"class_list":{"0":"post-15350","1":"product","2":"type-product","3":"status-publish","4":"has-post-thumbnail","6":"product_brand-hoco","7":"product_cat-day-cap","8":"product_cat-bo-chuyen-doi-am-thanh-video","10":"first","11":"instock","12":"sale","13":"shipping-taxable","14":"purchasable","15":"product-type-variable"},"_links":{"self":[{"href":"https:\/\/web-ban-le.mbws.vn\/thiet-bi-dien-tu\/wp-json\/wp\/v2\/product\/15350","targetHints":{"allow":["GET"]}}],"collection":[{"href":"https:\/\/web-ban-le.mbws.vn\/thiet-bi-dien-tu\/wp-json\/wp\/v2\/product"}],"about":[{"href":"https:\/\/web-ban-le.mbws.vn\/thiet-bi-dien-tu\/wp-json\/wp\/v2\/types\/product"}],"replies":[{"embeddable":true,"href":"https:\/\/web-ban-le.mbws.vn\/thiet-bi-dien-tu\/wp-json\/wp\/v2\/comments?post=15350"}],"wp:featuredmedia":[{"embeddable":true,"href":"https:\/\/web-ban-le.mbws.vn\/thiet-bi-dien-tu\/wp-json\/wp\/v2\/media\/15400"}],"wp:attachment":[{"href":"https:\/\/web-ban-le.mbws.vn\/thiet-bi-dien-tu\/wp-json\/wp\/v2\/media?parent=15350"}],"wp:term":[{"taxonomy":"product_brand","embeddable":true,"href":"https:\/\/web-ban-le.mbws.vn\/thiet-bi-dien-tu\/wp-json\/wp\/v2\/product_brand?post=15350"},{"taxonomy":"product_cat","embeddable":true,"href":"https:\/\/web-ban-le.mbws.vn\/thiet-bi-dien-tu\/wp-json\/wp\/v2\/product_cat?post=15350"},{"taxonomy":"product_tag","embeddable":true,"href":"https:\/\/web-ban-le.mbws.vn\/thiet-bi-dien-tu\/wp-json\/wp\/v2\/product_tag?post=15350"}],"curies":[{"name":"wp","href":"https:\/\/api.w.org\/{rel}","templated":true}]}}