{"id":15407,"date":"2025-10-28T17:02:44","date_gmt":"2025-10-28T10:02:44","guid":{"rendered":"https:\/\/web-ban-le.mbws.vn\/thiet-bi-dien-tu\/?post_type=product&#038;p=15407"},"modified":"2025-11-04T13:19:48","modified_gmt":"2025-11-04T06:19:48","slug":"cu-sac-chinh-hang-hoco-dung-cho-samsung-xiaomi-phone-vv-cuc-sac-tieu-chuan-cho-dien-thoai","status":"publish","type":"product","link":"https:\/\/web-ban-le.mbws.vn\/thiet-bi-dien-tu\/san-pham\/cu-sac-chinh-hang-hoco-dung-cho-samsung-xiaomi-phone-vv-cuc-sac-tieu-chuan-cho-dien-thoai\/","title":{"rendered":"C\u1ee7 s\u1ea1c ch\u00ednh h\u00e3ng HOCO d\u00f9ng cho samsung xiaomi Phone &#8230;vv C\u1ee5c s\u1ea1c ti\u00eau chu\u1ea9n cho \u0111i\u1ec7n tho\u1ea1i"},"content":{"rendered":"<div class=\"e8lZp3\">\n<p class=\"QN2lPu\">* * * * * * * * * * * * * * * * * * * * * * * * * * * * * * * GI\u1edaI THI\u1ec6U  SHOP* * * * * * * * * * * * * * * * * * * * * * * * * * * * * * <\/p>\n<p class=\"QN2lPu\">\n<p class=\"QN2lPu\">\n<p class=\"QN2lPu\">\n<p class=\"QN2lPu\">&#8211; Th\u01b0\u01a1ng hi\u1ec7u Hoco \u0111\u00e3 ho\u1ea1t \u0111\u1ed9ng 10 n\u0103m \u0111\u00e3 kh\u1eb3ng \u0111\u1ecbnh \u0111\u01b0\u1ee3c ch\u1ea5t l\u01b0\u1ee3ng v\u00e0 vi th\u1ebf trong l\u00f2ng ng\u01b0\u1eddi ti\u00eau d\u00f9ng .<\/p>\n<p class=\"QN2lPu\">\n<p class=\"QN2lPu\">\n<p class=\"QN2lPu\">\n<p class=\"QN2lPu\">* * * * * * * * * * * * * * * * * * * * * * * * * * * * * * TH\u00d4NG TIN S\u1ea2N PH\u1ea8M* * * * * * * * * * * * * * * * * * * * * * * * * * * *<\/p>\n<p class=\"QN2lPu\">\n<p class=\"QN2lPu\">\n<p class=\"QN2lPu\">\n<p class=\"QN2lPu\">C\u1ed1c s\u1ea1c Hoco thu\u1ed9c d\u00f2ng c\u1ee7 s\u1ea1c 1A gi\u00e1 si\u00eau r\u1ebb, c\u00f3 th\u1ec3 n\u00f3i l\u00e0 r\u1ebb nh\u1ea5t hi\u1ec7n nay. C\u1ed1c s\u1ea1c c\u00f3 thi\u1ebft k\u1ebf r\u1ea5t nh\u1ecf g\u1ecdn, ch\u00e2n c\u1eafm d\u1eb9t ch\u1eafc ch\u1eafn, ph\u00f9 h\u1ee3p h\u1ea7u nh\u01b0 t\u1ea5t c\u1ea3 \u0111i\u1ec7n tho\u1ea1i hi\u1ec7n nay. c\u1ee7 s\u1ea1c Hoco \u0111\u01b0\u1ee3c l\u00e0m t\u1eeb ch\u1ea5t li\u1ec7u ABS+PC, ch\u1ea5t li\u1ec7u t\u1ea1o th\u00e0nh cho h\u1ea7u h\u1ebft nh\u1eefng c\u1ed1c s\u1ea1c hi\u1ec7n nay.<\/p>\n<p class=\"QN2lPu\">\n<p class=\"QN2lPu\">Th\u01b0\u01a1ng hi\u1ec7u: Hoco<\/p>\n<p class=\"QN2lPu\">\n<p class=\"QN2lPu\">S\u1ea3n xu\u1ea5t t\u1ea1i: Trung Qu\u1ed1c<\/p>\n<p class=\"QN2lPu\">\n<p class=\"QN2lPu\">1.T\u00ean s\u1ea3n ph\u1ea9m: C\u1ed1c s\u1ea1c Hoco <\/p>\n<p class=\"QN2lPu\">\n<p class=\"QN2lPu\">2.D\u00f2ng s\u1ea1c: 5V-1A<\/p>\n<p class=\"QN2lPu\">\n<p class=\"QN2lPu\">3.Ch\u1ea5t li\u1ec7u: ABS+PC<\/p>\n<p class=\"QN2lPu\">\n<p class=\"QN2lPu\">-\u0110\u1ea7u v\u00e0o: AC100V &#8211; 240V 50 \/ 60Hz<\/p>\n<p class=\"QN2lPu\">\n<p class=\"QN2lPu\">-\u0110\u1ea7u ra t\u1ed1i \u0111a : DC5V &#8211; 1A<\/p>\n<p class=\"QN2lPu\">\n<p class=\"QN2lPu\">&#8211; T\u01b0\u01a1ng th\u00edch: 5 \u0111\u1ebfn 14<\/p>\n<p class=\"QN2lPu\">\n<p class=\"QN2lPu\">-Ch\u00e2n s\u1ea1c d\u1eb9t<\/p>\n<p class=\"QN2lPu\">\n<p class=\"QN2lPu\">-C\u1ed5ng USB: 1<\/p>\n<p class=\"QN2lPu\">\n<p class=\"QN2lPu\">-Ch\u1ee9ng nh\u1eadn 3C, an to\u00e0n<\/p>\n<p class=\"QN2lPu\">\n<p class=\"QN2lPu\">\n<p class=\"QN2lPu\">\n<p class=\"QN2lPu\">* * * * * * * * * * * * * * * * * * * * * * * * * * QUY\u1ec0N L\u1ee2I C\u1ee6A KH\u00c1CH H\u00c0NG * * * * * * * * * * * * * * * * * * * * * * * * * * * <\/p>\n<p class=\"QN2lPu\">\n<p class=\"QN2lPu\">\n<p class=\"QN2lPu\">\n<p class=\"QN2lPu\">&#8211; H\u00e0ng ch\u00ednh h\u00e3ng 100%<\/p>\n<p class=\"QN2lPu\">\n<p class=\"QN2lPu\">&#8211; Lu\u00f4n lu\u00f4n s\u1eb5n h\u00e0ng , th\u1eddi gian \u0111\u00f3ng g\u00f3i nhanh tr\u00f3ng<\/p>\n<p class=\"QN2lPu\">\n<p class=\"QN2lPu\">&#8211; d\u1eef v\u1ecf h\u1ed9p \u0111\u1ec3 \u0111\u01b0\u1ee3c h\u1ed7 tr\u1ee3 khi s\u1ea3n ph\u1ea9m l\u1ed7i .<\/p>\n<\/div>\n","protected":false},"excerpt":{"rendered":"<p>* * * * * * * * * * * * * * * * * * * * * * * * * * * * * * * GI\u1edaI THI\u1ec6U SHOP* * * * * * * * * * * * * * * * * * * * * *&#8230;<\/p>\n","protected":false},"featured_media":15451,"comment_status":"open","ping_status":"closed","template":"","meta":[],"product_brand":[1881],"product_cat":[1714,1669],"product_tag":[],"class_list":{"0":"post-15407","1":"product","2":"type-product","3":"status-publish","4":"has-post-thumbnail","6":"product_brand-hoco","7":"product_cat-coc-bo-sac","8":"product_cat-pin-gan-trong","10":"first","11":"instock","12":"sale","13":"shipping-taxable","14":"purchasable","15":"product-type-variable"},"_links":{"self":[{"href":"https:\/\/web-ban-le.mbws.vn\/thiet-bi-dien-tu\/wp-json\/wp\/v2\/product\/15407","targetHints":{"allow":["GET"]}}],"collection":[{"href":"https:\/\/web-ban-le.mbws.vn\/thiet-bi-dien-tu\/wp-json\/wp\/v2\/product"}],"about":[{"href":"https:\/\/web-ban-le.mbws.vn\/thiet-bi-dien-tu\/wp-json\/wp\/v2\/types\/product"}],"replies":[{"embeddable":true,"href":"https:\/\/web-ban-le.mbws.vn\/thiet-bi-dien-tu\/wp-json\/wp\/v2\/comments?post=15407"}],"wp:featuredmedia":[{"embeddable":true,"href":"https:\/\/web-ban-le.mbws.vn\/thiet-bi-dien-tu\/wp-json\/wp\/v2\/media\/15451"}],"wp:attachment":[{"href":"https:\/\/web-ban-le.mbws.vn\/thiet-bi-dien-tu\/wp-json\/wp\/v2\/media?parent=15407"}],"wp:term":[{"taxonomy":"product_brand","embeddable":true,"href":"https:\/\/web-ban-le.mbws.vn\/thiet-bi-dien-tu\/wp-json\/wp\/v2\/product_brand?post=15407"},{"taxonomy":"product_cat","embeddable":true,"href":"https:\/\/web-ban-le.mbws.vn\/thiet-bi-dien-tu\/wp-json\/wp\/v2\/product_cat?post=15407"},{"taxonomy":"product_tag","embeddable":true,"href":"https:\/\/web-ban-le.mbws.vn\/thiet-bi-dien-tu\/wp-json\/wp\/v2\/product_tag?post=15407"}],"curies":[{"name":"wp","href":"https:\/\/api.w.org\/{rel}","templated":true}]}}