{"id":15408,"date":"2025-10-28T17:02:44","date_gmt":"2025-10-28T10:02:44","guid":{"rendered":"https:\/\/web-ban-le.mbws.vn\/thiet-bi-dien-tu\/?post_type=product&#038;p=15408"},"modified":"2025-11-04T13:19:48","modified_gmt":"2025-11-04T06:19:48","slug":"may-do-ong-kinh-an-chinh-hang-hoco-thiet-bi-phat-hien-camera-hong-ngoai-tim-kiem-cam-giau-kin-quay-len","status":"publish","type":"product","link":"https:\/\/web-ban-le.mbws.vn\/thiet-bi-dien-tu\/san-pham\/may-do-ong-kinh-an-chinh-hang-hoco-thiet-bi-phat-hien-camera-hong-ngoai-tim-kiem-cam-giau-kin-quay-len\/","title":{"rendered":"M\u00e1y D\u00f2 \u1ed0ng K\u00ednh \u1ea8n ch\u00ednh h\u00e3ng Hoco Thi\u00ea\u0301t bi\u0323 ph\u00e1t hi\u1ec7n camera h\u00f4\u0300ng ngoa\u0323i t\u00ecm ki\u1ebfm cam gi\u1ea5u k\u00edn quay l\u00e9n"},"content":{"rendered":"<div class=\"e8lZp3\">\n<p class=\"QN2lPu\">* * * * * * * * * * * * * * * * * * * * * * * * * * * * * * * GI\u1edaI THI\u1ec6U  SHOP* * * * * * * * * * * * * * * * * * * * * * * * * * * * * * <\/p>\n<p class=\"QN2lPu\">\n<p class=\"QN2lPu\">&#8211; Th\u01b0\u01a1ng hi\u1ec7u Hoco \u0111\u00e3 ho\u1ea1t \u0111\u1ed9ng 10 n\u0103m \u0111\u00e3 kh\u1eb3ng \u0111\u1ecbnh \u0111\u01b0\u1ee3c ch\u1ea5t l\u01b0\u1ee3ng v\u00e0 vi th\u1ebf trong l\u00f2ng ng\u01b0\u1eddi ti\u00eau d\u00f9ng .<\/p>\n<p class=\"QN2lPu\">\n<p class=\"QN2lPu\">* * * * * * * * * * * * * * * * * * * * * * * * * * * * * * TH\u00d4NG TIN S\u1ea2N PH\u1ea8M* * * * * * * * * * * * * * * * * * * * * * * * * * * *<\/p>\n<p class=\"QN2lPu\">\n<p class=\"QN2lPu\">Thi\u1ebft b\u1ecb d\u00f2 camera Hoco l\u00e0 m\u1ed9t c\u00f4ng c\u1ee5 nh\u1ecf g\u1ecdn v\u00e0 ti\u1ec7n l\u1ee3i d\u00e0nh cho ng\u01b0\u1eddi d\u00f9ng.<\/p>\n<p class=\"QN2lPu\">Ch\u1ebf \u0111\u1ed9 qu\u00e9t 2 t\u1ed1c \u0111\u1ed9: Cho ph\u00e9p l\u1ecdc t\u1eebng l\u1edbp m\u1ed9t \u0111\u1ec3 t\u00ecm ki\u1ebfm camera m\u1ed9t c\u00e1ch hi\u1ec7u qu\u1ea3.<\/p>\n<p class=\"QN2lPu\">TH\u00d4NG S\u1ed0 K\u1ef8 THU\u1eacT <\/p>\n<p class=\"QN2lPu\">Th\u01b0\u01a1ng hi\u1ec7u : Hoco.<\/p>\n<p class=\"QN2lPu\">1. Ch\u1ea5t li\u1ec7u: ABS + k\u00ednh + linh ki\u1ec7n \u0111i\u1ec7n t\u1eed<\/p>\n<p class=\"QN2lPu\">2. K\u00edch th\u01b0\u1edbc: 42*42*13mm; Tr\u1ecdng l\u01b0\u1ee3ng: 12g<\/p>\n<p class=\"QN2lPu\">3. Dung l\u01b0\u1ee3ng pin: 80mAh<\/p>\n<p class=\"QN2lPu\">4. Th\u1eddi gian s\u1eed d\u1ee5ng: 40 ph\u00fat<\/p>\n<p class=\"QN2lPu\">5. N\u00e2ng c\u1ea5p chip h\u1ed3ng ngo\u1ea1i v\u00e0 ch\u1ebf \u0111\u1ed9 qu\u00e9t 2 t\u1ed1c \u0111\u1ed9 \u0111\u1ec3 l\u1ecdc t\u1eebng l\u1edbp<\/p>\n<p class=\"QN2lPu\">\n<p class=\"QN2lPu\">* * * * * * * * * * * * * * * * * * * * * * * * * * QUY\u1ec0N L\u1ee2I C\u1ee6A KH\u00c1CH H\u00c0NG * * * * * * * * * * * * * * * * * * * * * * * * * * * <\/p>\n<p class=\"QN2lPu\">\n<p class=\"QN2lPu\">&#8211; H\u00e0ng ch\u00ednh h\u00e3ng 100%<\/p>\n<p class=\"QN2lPu\">&#8211; Lu\u00f4n lu\u00f4n s\u1eb5n h\u00e0ng , th\u1eddi gian \u0111\u00f3ng g\u00f3i nhanh tr\u00f3ng<\/p>\n<p class=\"QN2lPu\">&#8211; d\u1eef v\u1ecf h\u1ed9p \u0111\u1ec3 \u0111\u01b0\u1ee3c h\u1ed7 tr\u1ee3 khi s\u1ea3n ph\u1ea9m l\u1ed7i .<\/p>\n<\/div>\n","protected":false},"excerpt":{"rendered":"<p>* * * * * * * * * * * * * * * * * * * * * * * * * * * * * * * GI\u1edaI THI\u1ec6U SHOP* * * * * * * * * * * * * * * * * * * * * *&#8230;<\/p>\n","protected":false},"featured_media":15466,"comment_status":"open","ping_status":"closed","template":"","meta":[],"product_brand":[1881],"product_cat":[1749],"product_tag":[],"class_list":{"0":"post-15408","1":"product","2":"type-product","3":"status-publish","4":"has-post-thumbnail","6":"product_brand-hoco","7":"product_cat-khac-camera-giam-sat-camera-he-thong","9":"first","10":"instock","11":"sale","12":"shipping-taxable","13":"purchasable","14":"product-type-simple"},"_links":{"self":[{"href":"https:\/\/web-ban-le.mbws.vn\/thiet-bi-dien-tu\/wp-json\/wp\/v2\/product\/15408","targetHints":{"allow":["GET"]}}],"collection":[{"href":"https:\/\/web-ban-le.mbws.vn\/thiet-bi-dien-tu\/wp-json\/wp\/v2\/product"}],"about":[{"href":"https:\/\/web-ban-le.mbws.vn\/thiet-bi-dien-tu\/wp-json\/wp\/v2\/types\/product"}],"replies":[{"embeddable":true,"href":"https:\/\/web-ban-le.mbws.vn\/thiet-bi-dien-tu\/wp-json\/wp\/v2\/comments?post=15408"}],"wp:featuredmedia":[{"embeddable":true,"href":"https:\/\/web-ban-le.mbws.vn\/thiet-bi-dien-tu\/wp-json\/wp\/v2\/media\/15466"}],"wp:attachment":[{"href":"https:\/\/web-ban-le.mbws.vn\/thiet-bi-dien-tu\/wp-json\/wp\/v2\/media?parent=15408"}],"wp:term":[{"taxonomy":"product_brand","embeddable":true,"href":"https:\/\/web-ban-le.mbws.vn\/thiet-bi-dien-tu\/wp-json\/wp\/v2\/product_brand?post=15408"},{"taxonomy":"product_cat","embeddable":true,"href":"https:\/\/web-ban-le.mbws.vn\/thiet-bi-dien-tu\/wp-json\/wp\/v2\/product_cat?post=15408"},{"taxonomy":"product_tag","embeddable":true,"href":"https:\/\/web-ban-le.mbws.vn\/thiet-bi-dien-tu\/wp-json\/wp\/v2\/product_tag?post=15408"}],"curies":[{"name":"wp","href":"https:\/\/api.w.org\/{rel}","templated":true}]}}