{"id":15533,"date":"2025-10-28T17:03:56","date_gmt":"2025-10-28T10:03:56","guid":{"rendered":"https:\/\/web-ban-le.mbws.vn\/thiet-bi-dien-tu\/?post_type=product&#038;p=15533"},"modified":"2025-11-04T13:19:48","modified_gmt":"2025-11-04T06:19:48","slug":"tau-sac-o-to-hoco-sieu-nhanh-30w-qc3-0-5a-coc-2-cong-oto-xe-hoi-ben-bi","status":"publish","type":"product","link":"https:\/\/web-ban-le.mbws.vn\/thiet-bi-dien-tu\/san-pham\/tau-sac-o-to-hoco-sieu-nhanh-30w-qc3-0-5a-coc-2-cong-oto-xe-hoi-ben-bi\/","title":{"rendered":"T\u1ea9u s\u1ea1c \u00f4 t\u00f4 Hoco si\u00eau nhanh 30w qc3.0 5a &#8211; C\u1ed1c 2 c\u1ed5ng oto xe h\u01a1i b\u1ec1n b\u1ec9"},"content":{"rendered":"<div class=\"e8lZp3\">\n<p class=\"QN2lPu\">* * * * * * * * * * * * * * * * * * * * * * * * * * * * * * * GI\u1edaI THI\u1ec6U  SHOP* * * * * * * * * * * * * * * * * * * * * * * * * * * * * * <\/p>\n<p class=\"QN2lPu\">\n<p class=\"QN2lPu\">&#8211; Th\u01b0\u01a1ng hi\u1ec7u Hoco \u0111\u00e3 ho\u1ea1t \u0111\u1ed9ng 10 n\u0103m \u0111\u00e3 kh\u1eb3ng \u0111\u1ecbnh \u0111\u01b0\u1ee3c ch\u1ea5t l\u01b0\u1ee3ng v\u00e0 vi th\u1ebf trong l\u00f2ng ng\u01b0\u1eddi ti\u00eau d\u00f9ng .<\/p>\n<p class=\"QN2lPu\">\n<p class=\"QN2lPu\">* * * * * * * * * * * * * * * * * * * * * * * * * * * * * * TH\u00d4NG TIN S\u1ea2N PH\u1ea8M* * * * * * * * * * * * * * * * * * * * * * * * * * * *<\/p>\n<p class=\"QN2lPu\">\n<p class=\"QN2lPu\">1. Ch\u1ea5t li\u1ec7u: ch\u1ea5t li\u1ec7u PC + ABS ch\u1ed1ng ch\u00e1y<\/p>\n<p class=\"QN2lPu\">2. K\u00edch th\u01b0\u1edbc: 47 * 25mm, tr\u1ecdng l\u01b0\u1ee3ng: 13g<\/p>\n<p class=\"QN2lPu\">3. \u0110\u1ea7u ra: Type-C: PD 20W; USB-A: QC 18W<\/p>\n<p class=\"QN2lPu\">Type-C + USB-A: 5V \/ 3A<\/p>\n<p class=\"QN2lPu\">4, H\u1ed7 tr\u1ee3 PD20W, QC3.0 \/ QC2.0, AFC, PPS v\u00e0 c\u00e1c giao th\u1ee9c s\u1ea1c kh\u00e1c<\/p>\n<p class=\"QN2lPu\">C\u00f3 2 ph\u00e2n lo\u1ea1i s\u1ea3n ph\u1ea9m<\/p>\n<p class=\"QN2lPu\">T\u1ea9u s\u1ea1c th\u01b0\u1eddng<\/p>\n<p class=\"QN2lPu\">T\u1ea9u s\u1ea1c nhanh 30w<\/p>\n<p class=\"QN2lPu\">\n<p class=\"QN2lPu\">B\u1ed8 S\u1ea2N PH\u1ea8M BAO G\u1ed2M<\/p>\n<p class=\"QN2lPu\">1 : T\u1ea8U S\u1ea0C<\/p>\n<p class=\"QN2lPu\">\n<p class=\"QN2lPu\">\n<p class=\"QN2lPu\">* * * * * * * * * * * * * * * * * * * * * * * * * * QUY\u1ec0N L\u1ee2I C\u1ee6A KH\u00c1CH H\u00c0NG * * * * * * * * * * * * * * * * * * * * * * * * * * * <\/p>\n<p class=\"QN2lPu\">\n<p class=\"QN2lPu\">&#8211; H\u00e0ng ch\u00ednh h\u00e3ng 100%<\/p>\n<p class=\"QN2lPu\">&#8211; Lu\u00f4n lu\u00f4n s\u1eb5n h\u00e0ng , th\u1eddi gian \u0111\u00f3ng g\u00f3i nhanh tr\u00f3ng<\/p>\n<p class=\"QN2lPu\">&#8211; d\u1eef v\u1ecf h\u1ed9p \u0111\u1ec3 \u0111\u01b0\u1ee3c h\u1ed7 tr\u1ee3 khi s\u1ea3n ph\u1ea9m l\u1ed7i .<\/p>\n<\/div>\n","protected":false},"excerpt":{"rendered":"<p>* * * * * * * * * * * * * * * * * * * * * * * * * * * * * * * GI\u1edaI THI\u1ec6U SHOP* * * * * * * * * * * * * * * * * * * * * *&#8230;<\/p>\n","protected":false},"featured_media":15565,"comment_status":"open","ping_status":"closed","template":"","meta":[],"product_brand":[1881],"product_cat":[1765,1766],"product_tag":[],"class_list":{"0":"post-15533","1":"product","2":"type-product","3":"status-publish","4":"has-post-thumbnail","6":"product_brand-hoco","7":"product_cat-bo-sac-usb","8":"product_cat-bo-phat-fm-bluetooth","10":"first","11":"instock","12":"sale","13":"shipping-taxable","14":"purchasable","15":"product-type-variable"},"_links":{"self":[{"href":"https:\/\/web-ban-le.mbws.vn\/thiet-bi-dien-tu\/wp-json\/wp\/v2\/product\/15533","targetHints":{"allow":["GET"]}}],"collection":[{"href":"https:\/\/web-ban-le.mbws.vn\/thiet-bi-dien-tu\/wp-json\/wp\/v2\/product"}],"about":[{"href":"https:\/\/web-ban-le.mbws.vn\/thiet-bi-dien-tu\/wp-json\/wp\/v2\/types\/product"}],"replies":[{"embeddable":true,"href":"https:\/\/web-ban-le.mbws.vn\/thiet-bi-dien-tu\/wp-json\/wp\/v2\/comments?post=15533"}],"wp:featuredmedia":[{"embeddable":true,"href":"https:\/\/web-ban-le.mbws.vn\/thiet-bi-dien-tu\/wp-json\/wp\/v2\/media\/15565"}],"wp:attachment":[{"href":"https:\/\/web-ban-le.mbws.vn\/thiet-bi-dien-tu\/wp-json\/wp\/v2\/media?parent=15533"}],"wp:term":[{"taxonomy":"product_brand","embeddable":true,"href":"https:\/\/web-ban-le.mbws.vn\/thiet-bi-dien-tu\/wp-json\/wp\/v2\/product_brand?post=15533"},{"taxonomy":"product_cat","embeddable":true,"href":"https:\/\/web-ban-le.mbws.vn\/thiet-bi-dien-tu\/wp-json\/wp\/v2\/product_cat?post=15533"},{"taxonomy":"product_tag","embeddable":true,"href":"https:\/\/web-ban-le.mbws.vn\/thiet-bi-dien-tu\/wp-json\/wp\/v2\/product_tag?post=15533"}],"curies":[{"name":"wp","href":"https:\/\/api.w.org\/{rel}","templated":true}]}}