{"id":15579,"date":"2025-10-28T17:04:14","date_gmt":"2025-10-28T10:04:14","guid":{"rendered":"https:\/\/web-ban-le.mbws.vn\/thiet-bi-dien-tu\/?post_type=product&#038;p=15579"},"modified":"2025-11-04T13:19:47","modified_gmt":"2025-11-04T06:19:47","slug":"kinh-cuong-luc-chong-nhin-trom-hoco-full-man-hinh-dung-cho-iphone-ip-11-12-13-14promax-15-16-17-xsmax","status":"publish","type":"product","link":"https:\/\/web-ban-le.mbws.vn\/thiet-bi-dien-tu\/san-pham\/kinh-cuong-luc-chong-nhin-trom-hoco-full-man-hinh-dung-cho-iphone-ip-11-12-13-14promax-15-16-17-xsmax\/","title":{"rendered":"K\u00ednh c\u01b0\u1eddng l\u1ef1c ch\u1ed1ng nh\u00ecn tr\u1ed9m HOCO full m\u00e0n h\u00ecnh d\u00f9ng cho iphone ip 11 12 13 14promax 15 16 17 xsmax"},"content":{"rendered":"<div class=\"e8lZp3\">\n<p class=\"QN2lPu\">\n<p class=\"QN2lPu\">\n<p class=\"QN2lPu\">* * * * * * * * * * * * * * * * * * * * * * * * * * * * * * * GI\u1edaI THI\u1ec6U  SHOP* * * * * * * * * * * * * * * * * * * * * * * * * * * * * * <\/p>\n<p class=\"QN2lPu\">\n<p class=\"QN2lPu\">&#8211; Th\u01b0\u01a1ng hi\u1ec7u Hoco \u0111\u00e3 ho\u1ea1t \u0111\u1ed9ng 10 n\u0103m \u0111\u00e3 kh\u1eb3ng \u0111\u1ecbnh \u0111\u01b0\u1ee3c ch\u1ea5t l\u01b0\u1ee3ng v\u00e0 vi th\u1ebf trong l\u00f2ng ng\u01b0\u1eddi ti\u00eau d\u00f9ng .<\/p>\n<p class=\"QN2lPu\">\n<p class=\"QN2lPu\">* * * * * * * * * * * * * * * * * * * * * * * * * * * * * * TH\u00d4NG TIN S\u1ea2N PH\u1ea8M* * * * * * * * * * * * * * * * * * * * * * * * * * * *<\/p>\n<p class=\"QN2lPu\">\n<p class=\"QN2lPu\">1. K\u00ednh b\u1ea3o v\u1ec7 6 l\u1edbp<\/p>\n<p class=\"QN2lPu\">2. \u0110\u1ed9 c\u1ee9ng b\u1ec1 m\u1eb7t 9H<\/p>\n<p class=\"QN2lPu\">3. \u0110\u1ed9 trong su\u1ed1t 99% si\u00eau r\u00f5.<\/p>\n<p class=\"QN2lPu\">4. C\u1ee9ng h\u01a1n K\u00ednh th\u00f4ng th\u01b0\u1eddng g\u1ea5p 3 l\u1ea7n<\/p>\n<p class=\"QN2lPu\">5. M\u00e0n h\u00ecnh c\u1ea3m \u1ee9ng nh\u1ea1y c\u1ea3m &#8211; si\u00eau m\u01b0\u1ee3t.<\/p>\n<p class=\"QN2lPu\">6. Ch\u1ea5t li\u1ec7u: k\u00ednh c\u01b0\u1eddng l\u1ef1c \u0111\u1ea7y m\u00e0u s\u1eafc bao ph\u1ee7 to\u00e0n di\u1ec7n.<\/p>\n<p class=\"QN2lPu\">7. Gi\u00fap b\u1ea3o m\u1eadt n\u1ed9i dung tr\u00ean \u0111i\u1ec7n tho\u1ea1i kh\u1ecfi nh\u1eefng ng\u01b0\u1eddi t\u00f2 m\u00f2 xung quanh.<\/p>\n<p class=\"QN2lPu\">8. C\u1ea5u t\u1ea1o t\u1eeb k\u00ednh c\u01b0\u1eddng l\u1ef1c 9H v\u00e0 l\u1edbp ph\u1ee7 quang h\u1ecdc \u0111\u1eb7c bi\u1ec7t c\u00f3 kh\u1ea3 n\u0103ng ch\u1ed1ng nh\u00ecn nghi\u00eang.<\/p>\n<p class=\"QN2lPu\">9. C\u01b0\u1eddng l\u1ef1c ch\u1ed1ng nh\u00ecn tr\u1ed9m ph\u1ee7 nano c\u00f3 kh\u1ea3 n\u0103ng ch\u1ed1ng d\u1ea7u, h\u1ea1n ch\u1ebf b\u00e1m v\u00e2n tay.<\/p>\n<p class=\"QN2lPu\">&#8212;&#8212;&#8212;&#8212;&#8212;&#8212;&#8212;&#8212;&#8212;&#8212;&#8212;&#8212;&#8212;&#8212;&#8212;&#8212;&#8212;&#8212;&#8212;&#8212;&#8212;&#8212;-<\/p>\n<p class=\"QN2lPu\">THAY V\u00cc PH\u1ea2I \u0110\u1ea6U T\u01af C\u01af\u1edcNG L\u1ef0C R\u1eba MUA D\u00c1N NHI\u1ec0U L\u1ea6N CH\u1ea4T L\u01af\u1ee2NG K\u00c9M. <\/p>\n<p class=\"QN2lPu\">NG\u1ea0I G\u00cc KH\u00d4NG S\u1ede H\u1eeeU NGAY 1 K\u00cdNH C\u01af\u1edcNG L\u1ef0C CH\u00cdNH H\u00c3NG HOCO<\/p>\n<p class=\"QN2lPu\">\n<p class=\"QN2lPu\">* * * * * * * * * * * * * * * * * * * * * * * * * * QUY\u1ec0N L\u1ee2I C\u1ee6A KH\u00c1CH H\u00c0NG * * * * * * * * * * * * * * * * * * * * * * * * * * * <\/p>\n<p class=\"QN2lPu\">\n<p class=\"QN2lPu\">&#8211; H\u00e0ng ch\u00ednh h\u00e3ng 100%<\/p>\n<p class=\"QN2lPu\">&#8211; Lu\u00f4n lu\u00f4n s\u1eb5n h\u00e0ng , th\u1eddi gian \u0111\u00f3ng g\u00f3i nhanh tr\u00f3ng<\/p>\n<p class=\"QN2lPu\">&#8211; d\u1eef v\u1ecf h\u1ed9p \u0111\u1ec3 \u0111\u01b0\u1ee3c h\u1ed7 tr\u1ee3 khi s\u1ea3n ph\u1ea9m l\u1ed7i .<\/p>\n<\/div>\n","protected":false},"excerpt":{"rendered":"<p>* * * * * * * * * * * * * * * * * * * * * * * * * * * * * * * GI\u1edaI THI\u1ec6U SHOP* * * * * * * * * * * * * * * * * * * * * *&#8230;<\/p>\n","protected":false},"featured_media":15592,"comment_status":"open","ping_status":"closed","template":"","meta":[],"product_brand":[1881],"product_cat":[1675],"product_tag":[],"class_list":{"0":"post-15579","1":"product","2":"type-product","3":"status-publish","4":"has-post-thumbnail","6":"product_brand-hoco","7":"product_cat-mieng-dan-khac","9":"first","10":"instock","11":"sale","12":"shipping-taxable","13":"purchasable","14":"product-type-variable"},"_links":{"self":[{"href":"https:\/\/web-ban-le.mbws.vn\/thiet-bi-dien-tu\/wp-json\/wp\/v2\/product\/15579","targetHints":{"allow":["GET"]}}],"collection":[{"href":"https:\/\/web-ban-le.mbws.vn\/thiet-bi-dien-tu\/wp-json\/wp\/v2\/product"}],"about":[{"href":"https:\/\/web-ban-le.mbws.vn\/thiet-bi-dien-tu\/wp-json\/wp\/v2\/types\/product"}],"replies":[{"embeddable":true,"href":"https:\/\/web-ban-le.mbws.vn\/thiet-bi-dien-tu\/wp-json\/wp\/v2\/comments?post=15579"}],"wp:featuredmedia":[{"embeddable":true,"href":"https:\/\/web-ban-le.mbws.vn\/thiet-bi-dien-tu\/wp-json\/wp\/v2\/media\/15592"}],"wp:attachment":[{"href":"https:\/\/web-ban-le.mbws.vn\/thiet-bi-dien-tu\/wp-json\/wp\/v2\/media?parent=15579"}],"wp:term":[{"taxonomy":"product_brand","embeddable":true,"href":"https:\/\/web-ban-le.mbws.vn\/thiet-bi-dien-tu\/wp-json\/wp\/v2\/product_brand?post=15579"},{"taxonomy":"product_cat","embeddable":true,"href":"https:\/\/web-ban-le.mbws.vn\/thiet-bi-dien-tu\/wp-json\/wp\/v2\/product_cat?post=15579"},{"taxonomy":"product_tag","embeddable":true,"href":"https:\/\/web-ban-le.mbws.vn\/thiet-bi-dien-tu\/wp-json\/wp\/v2\/product_tag?post=15579"}],"curies":[{"name":"wp","href":"https:\/\/api.w.org\/{rel}","templated":true}]}}