{"id":15616,"date":"2025-10-28T17:04:21","date_gmt":"2025-10-28T10:04:21","guid":{"rendered":"https:\/\/web-ban-le.mbws.vn\/thiet-bi-dien-tu\/?post_type=product&#038;p=15616"},"modified":"2025-11-04T13:19:47","modified_gmt":"2025-11-04T06:19:47","slug":"day-sac-3-dau-chinh-hang-hoco-cap-boc-du-da-nang-3-trong-1-chong-gay-gap-dung-cho-cac-dong-dien-thoai","status":"publish","type":"product","link":"https:\/\/web-ban-le.mbws.vn\/thiet-bi-dien-tu\/san-pham\/day-sac-3-dau-chinh-hang-hoco-cap-boc-du-da-nang-3-trong-1-chong-gay-gap-dung-cho-cac-dong-dien-thoai\/","title":{"rendered":"D\u00e2y s\u1ea1c 3 \u0111\u1ea7u ch\u00ednh h\u00e3ng Hoco c\u00e1p b\u1ecdc d\u00f9 \u0111a n\u0103ng 3 trong 1 ch\u1ed1ng g\u00e3y g\u1eadp d\u00f9ng cho c\u00e1c d\u00f2ng \u0111i\u1ec7n tho\u1ea1i"},"content":{"rendered":"<div class=\"e8lZp3\">\n<p class=\"QN2lPu\">* * * * * * * * * * * * * * * * * * * * * * * * * * * * * * * GI\u1edaI THI\u1ec6U  SHOP* * * * * * * * * * * * * * * * * * * * * * * * * * * * * * <\/p>\n<p class=\"QN2lPu\">\n<p class=\"QN2lPu\"> &#8211; Th\u01b0\u01a1ng hi\u1ec7u Hoco \u0111\u00e3 ho\u1ea1t \u0111\u1ed9ng 10 n\u0103m \u0111\u00e3 kh\u1eb3ng \u0111\u1ecbnh \u0111\u01b0\u1ee3c ch\u1ea5t l\u01b0\u1ee3ng v\u00e0 vi th\u1ebf trong l\u00f2ng ng\u01b0\u1eddi ti\u00eau d\u00f9ng .<\/p>\n<p class=\"QN2lPu\">\n<p class=\"QN2lPu\">\n<p class=\"QN2lPu\">* * * * * * * * * * * * * * * * * * * * * * * * * * * * * * TH\u00d4NG TIN S\u1ea2N PH\u1ea8M* * * * * * * * * * * * * * * * * * * * * * * * * * * *<\/p>\n<p class=\"QN2lPu\">\n<p class=\"QN2lPu\"> Chi ti\u1ebft s\u1ea3n ph\u1ea9m c\u00e1p s\u1ea1c 3 \u0111\u1ea7u hoco<\/p>\n<p class=\"QN2lPu\"> &#8211; M\u00e0u s\u1eafc: \u0110en ho\u1eb7c 3 m\u1ea7u<\/p>\n<p class=\"QN2lPu\"> &#8211; Chi\u1ec1u d\u00e0i: 1m<\/p>\n<p class=\"QN2lPu\"> &#8211; M\u1eabu s\u1ea3n ph\u1ea9m: 3 Trong 1 <\/p>\n<p class=\"QN2lPu\"> &#8211; Ch\u1ea5t li\u1ec7u: d\u00e2y d\u00f9 ch\u1ed1ng \u0111\u1ee9t<\/p>\n<p class=\"QN2lPu\">  G\u00f3i h\u00e0ng bao g\u1ed3m:<\/p>\n<p class=\"QN2lPu\">\u0110\u1eb7c \u0111i\u1ec3m s\u1ea3n ph\u1ea9m c\u00e1p s\u1ea1c 3 in 1 <\/p>\n<p class=\"QN2lPu\">&#8211; D\u00e2y c\u00e1p t\u00edch h\u1ee3p 3 \u0111\u1ea7u s\u1ebd gi\u00fap b\u1ea1n ti\u1ebft ki\u1ec7m chi ph\u00ed h\u01a1n khi gia \u0111\u00ecnh b\u1ea1n s\u1eed d\u1ee5ng nhi\u1ec1u \u0111i\u1ec7n tho\u1ea1i c\u00f3 c\u1ed5ng k\u1ebft n\u1ed1i kh\u00e1c nhau.<\/p>\n<p class=\"QN2lPu\">&#8211; C\u00e1p t\u00edch h\u1ee3p c\u00f9ng m\u1ed9t l\u00fac 3 c\u1ed5ng k\u1ebft n\u1ed1i l\u00e0 c\u00e1p s\u1ea1c \u0111\u01b0\u1ee3c cho h\u1ea7u h\u1ebft m\u1ecdi thi\u1ebft b\u1ecb \u0111i\u1ec7n tho\u1ea1i v\u00e0 m\u00e1y t\u00ednh b\u1ea3ng c\u1ee7a c\u00e1c h\u1ec7 \u0111i\u1ec1u h\u00e0nh<\/p>\n<p class=\"QN2lPu\">\n<p class=\"QN2lPu\">* * * * * * * * * * * * * * * * * * * * * * * * * * QUY\u1ec0N L\u1ee2I C\u1ee6A KH\u00c1CH H\u00c0NG * * * * * * * * * * * * * * * * * * * * * * * * * * * <\/p>\n<p class=\"QN2lPu\">\n<p class=\"QN2lPu\">&#8211; H\u00e0ng ch\u00ednh h\u00e3ng 100%<\/p>\n<p class=\"QN2lPu\">&#8211; Lu\u00f4n lu\u00f4n s\u1eb5n h\u00e0ng , th\u1eddi gian \u0111\u00f3ng g\u00f3i nhanh tr\u00f3ng<\/p>\n<p class=\"QN2lPu\">&#8211; d\u1eef v\u1ecf h\u1ed9p \u0111\u1ec3 \u0111\u01b0\u1ee3c h\u1ed7 tr\u1ee3 khi s\u1ea3n ph\u1ea9m l\u1ed7i .<\/p>\n<\/div>\n","protected":false},"excerpt":{"rendered":"<p>* * * * * * * * * * * * * * * * * * * * * * * * * * * * * * * GI\u1edaI THI\u1ec6U SHOP* * * * * * * * * * * * * * * * * * * * * *&#8230;<\/p>\n","protected":false},"featured_media":15627,"comment_status":"open","ping_status":"closed","template":"","meta":[],"product_brand":[1881],"product_cat":[1669,1671],"product_tag":[],"class_list":{"0":"post-15616","1":"product","2":"type-product","3":"status-publish","4":"has-post-thumbnail","6":"product_brand-hoco","7":"product_cat-pin-gan-trong","8":"product_cat-cap-sac-va-dau-chuyen-doi","10":"first","11":"instock","12":"sale","13":"shipping-taxable","14":"purchasable","15":"product-type-simple"},"_links":{"self":[{"href":"https:\/\/web-ban-le.mbws.vn\/thiet-bi-dien-tu\/wp-json\/wp\/v2\/product\/15616","targetHints":{"allow":["GET"]}}],"collection":[{"href":"https:\/\/web-ban-le.mbws.vn\/thiet-bi-dien-tu\/wp-json\/wp\/v2\/product"}],"about":[{"href":"https:\/\/web-ban-le.mbws.vn\/thiet-bi-dien-tu\/wp-json\/wp\/v2\/types\/product"}],"replies":[{"embeddable":true,"href":"https:\/\/web-ban-le.mbws.vn\/thiet-bi-dien-tu\/wp-json\/wp\/v2\/comments?post=15616"}],"wp:featuredmedia":[{"embeddable":true,"href":"https:\/\/web-ban-le.mbws.vn\/thiet-bi-dien-tu\/wp-json\/wp\/v2\/media\/15627"}],"wp:attachment":[{"href":"https:\/\/web-ban-le.mbws.vn\/thiet-bi-dien-tu\/wp-json\/wp\/v2\/media?parent=15616"}],"wp:term":[{"taxonomy":"product_brand","embeddable":true,"href":"https:\/\/web-ban-le.mbws.vn\/thiet-bi-dien-tu\/wp-json\/wp\/v2\/product_brand?post=15616"},{"taxonomy":"product_cat","embeddable":true,"href":"https:\/\/web-ban-le.mbws.vn\/thiet-bi-dien-tu\/wp-json\/wp\/v2\/product_cat?post=15616"},{"taxonomy":"product_tag","embeddable":true,"href":"https:\/\/web-ban-le.mbws.vn\/thiet-bi-dien-tu\/wp-json\/wp\/v2\/product_tag?post=15616"}],"curies":[{"name":"wp","href":"https:\/\/api.w.org\/{rel}","templated":true}]}}