{"id":15617,"date":"2025-10-28T17:04:21","date_gmt":"2025-10-28T10:04:21","guid":{"rendered":"https:\/\/web-ban-le.mbws.vn\/thiet-bi-dien-tu\/?post_type=product&#038;p=15617"},"modified":"2025-11-04T13:19:47","modified_gmt":"2025-11-04T06:19:47","slug":"kinh-cuong-luc-iphone-full-man-hoco-g14-sieu-net-chong-xuoc-chong-chiu-va-dap-cho-ip-x-xsmax-11-12-13-14-15-16-17","status":"publish","type":"product","link":"https:\/\/web-ban-le.mbws.vn\/thiet-bi-dien-tu\/san-pham\/kinh-cuong-luc-iphone-full-man-hoco-g14-sieu-net-chong-xuoc-chong-chiu-va-dap-cho-ip-x-xsmax-11-12-13-14-15-16-17\/","title":{"rendered":"K\u00ednh c\u01b0\u1eddng l\u1ef1c iphone full m\u00e0n Hoco G14 si\u00eau n\u00e9t ch\u1ed1ng x\u01b0\u1edbc ch\u1ed1ng ch\u1ecbu va \u0111\u1eadp cho ip x xsmax 11 12 13 14 15 16 17"},"content":{"rendered":"<div class=\"e8lZp3\">\n<p class=\"QN2lPu\">* * * * * * * * * * * * * * * * * * * * * * * * * * * * * * * GI\u1edaI THI\u1ec6U  SHOP* * * * * * * * * * * * * * * * * * * * * * * * * * * * * * <\/p>\n<p class=\"QN2lPu\">\n<p class=\"QN2lPu\">&#8211; Th\u01b0\u01a1ng hi\u1ec7u Hoco \u0111\u00e3 ho\u1ea1t \u0111\u1ed9ng 10 n\u0103m \u0111\u00e3 kh\u1eb3ng \u0111\u1ecbnh \u0111\u01b0\u1ee3c ch\u1ea5t l\u01b0\u1ee3ng v\u00e0 vi th\u1ebf trong l\u00f2ng ng\u01b0\u1eddi ti\u00eau d\u00f9ng .<\/p>\n<p class=\"QN2lPu\">\n<p class=\"QN2lPu\">* * * * * * * * * * * * * * * * * * * * * * * * * * * * * * TH\u00d4NG TIN S\u1ea2N PH\u1ea8M* * * * * * * * * * * * * * * * * * * * * * * * * * * *<\/p>\n<p class=\"QN2lPu\">\n<p class=\"QN2lPu\">\n<p class=\"QN2lPu\">+ C\u01b0\u1eddng l\u1ef1c hoco b\u1ec1n h\u01a1n 10 l\u1ea7n v\u1edbi \u0111\u1ed9 c\u1ee9ng v\u01b0\u1ee3t tr\u1ed9i g\u1ea5p 3 l\u1ea7n (\u0111\u1ed9 c\u1ee9ng k\u00ednh l\u00e0 9H, d\u00e1n b\u00ecnh th\u01b0\u1eddng 3H ho\u1eb7c 4H). \u0110i\u1ec1u n\u00e0y s\u1ebd gi\u00fap b\u1ea1n s\u1eed d\u1ee5ng d\u00e1n l\u00e2u h\u01a1n h\u1eb3n, ch\u1ed1ng x\u01b0\u1edbc t\u1ed1t h\u01a1n, b\u1ea3o v\u1ec7 m\u00e0n h\u00ecnh t\u1ed1t h\u01a1n<\/p>\n<p class=\"QN2lPu\">+C\u00f3 \u0111\u1ed9 trong \u0111\u1ea1t chu\u1ea9n , h\u00ecnh \u1ea3nh c\u1ef1c k\u1ef3 s\u1eafc n\u00e9t v\u00e0 \u0111\u1eb9p. So v\u1edbi mi\u1ebfng d\u00e1n th\u00f4ng th\u01b0\u1eddng th\u00ec d\u00e1n k\u00ednh c\u00f3 \u0111\u1ed9 trong h\u01a1n h\u1eb3n, b\u1ea1n s\u1ebd d\u1ec5 d\u00e0ng nh\u1eadn th\u1ea5y \u0111i\u1ec1u n\u00e0y khi nh\u00ecn m\u00e0n h\u00ecnh v\u00e0o \u0111i\u1ec7n tho\u1ea1i.<\/p>\n<p class=\"QN2lPu\">+C\u1ea3m gi\u00e1c vu\u1ed1t r\u1ea5t tr\u01a1n tru nh\u01b0 m\u00e0n h\u00ecnh g\u1ed1c kh\u00f4ng b\u1ecb r\u00edt tay.<\/p>\n<p class=\"QN2lPu\">+H\u1ea1n ch\u1ebf t\u1ed1i \u0111a b\u00e1m b\u1ea9n, h\u1ea1n ch\u1ebf d\u1ea7u v\u00e2n tay, ch\u1ed1ng lem c\u00e1c v\u1ebft b\u1ea9n v\u00e0 lau r\u1ea5t d\u1ec5 d\u00e0ng.<\/p>\n<p class=\"QN2lPu\">+K\u00ednh c\u01b0\u1eddng l\u1ef1c hoco Full m\u00e0n h\u00ecnh s\u1eed d\u1ee5ng nguy\u00ean li\u1ec7u th\u1ee7y tinh ACC cao c\u1ea5p, s\u1eed d\u1ee5ng c\u00f4ng ngh\u1ec7 c\u1eaft CNC r\u1ea5t ch\u00ednh x\u00e1c<\/p>\n<p class=\"QN2lPu\">\n<p class=\"QN2lPu\">\n<div class=\"QN2lPu\">\n<div style=\"position: relative; width: 100%; padding-bottom: 100%;\"><picture class=\"UkIsx8\"><source srcset=\"https:\/\/down-vn.img.susercontent.com\/file\/vn-11134202-7ras8-m1ikdxdal6f38c@resize_w875_nl.webp 1x, https:\/\/down-vn.img.susercontent.com\/file\/vn-11134202-7ras8-m1ikdxdal6f38c@resize_w1750_nl.webp 2x\" type=\"image\/webp\" class=\"UkIsx8\"><img decoding=\"async\" width=\"875\" loading=\"lazy\" class=\"uXN1L5 lazyload GqYslU\" srcset=\"https:\/\/down-vn.img.susercontent.com\/file\/vn-11134202-7ras8-m1ikdxdal6f38c@resize_w875_nl 1x, https:\/\/down-vn.img.susercontent.com\/file\/vn-11134202-7ras8-m1ikdxdal6f38c@resize_w1750_nl 2x\" src=\"https:\/\/down-vn.img.susercontent.com\/file\/vn-11134202-7ras8-m1ikdxdal6f38c\" height=\"875\"><\/picture><\/div>\n<\/div>\n<div class=\"QN2lPu\">\n<div style=\"position: relative; width: 100%; padding-bottom: 100%;\"><picture class=\"UkIsx8\"><source srcset=\"https:\/\/down-vn.img.susercontent.com\/file\/vn-11134202-7ras8-m1ikdxn06ytb90@resize_w875_nl.webp 1x, https:\/\/down-vn.img.susercontent.com\/file\/vn-11134202-7ras8-m1ikdxn06ytb90@resize_w1750_nl.webp 2x\" type=\"image\/webp\" class=\"UkIsx8\"><img decoding=\"async\" width=\"875\" loading=\"lazy\" class=\"uXN1L5 lazyload GqYslU\" srcset=\"https:\/\/down-vn.img.susercontent.com\/file\/vn-11134202-7ras8-m1ikdxn06ytb90@resize_w875_nl 1x, https:\/\/down-vn.img.susercontent.com\/file\/vn-11134202-7ras8-m1ikdxn06ytb90@resize_w1750_nl 2x\" src=\"https:\/\/down-vn.img.susercontent.com\/file\/vn-11134202-7ras8-m1ikdxn06ytb90\" height=\"875\"><\/picture><\/div>\n<\/div>\n<p class=\"QN2lPu\">\n<p class=\"QN2lPu\">* * * * * * * * * * * * * * * * * * * * * * * * * * QUY\u1ec0N L\u1ee2I C\u1ee6A KH\u00c1CH H\u00c0NG * * * * * * * * * * * * * * * * * * * * * * * * * * * <\/p>\n<p class=\"QN2lPu\">\n<p class=\"QN2lPu\">&#8211; H\u00e0ng ch\u00ednh h\u00e3ng 100%<\/p>\n<p class=\"QN2lPu\">&#8211; Lu\u00f4n lu\u00f4n s\u1eb5n h\u00e0ng , th\u1eddi gian \u0111\u00f3ng g\u00f3i nhanh tr\u00f3ng<\/p>\n<p class=\"QN2lPu\">&#8211; d\u1eef v\u1ecf h\u1ed9p \u0111\u1ec3 \u0111\u01b0\u1ee3c h\u1ed7 tr\u1ee3 khi s\u1ea3n ph\u1ea9m l\u1ed7i .<\/p>\n<\/div>\n","protected":false},"excerpt":{"rendered":"<p>* * * * * * * * * * * * * * * * * * * * * * * * * * * * * * * GI\u1edaI THI\u1ec6U SHOP* * * * * * * * * * * * * * * * * * * * * *&#8230;<\/p>\n","protected":false},"featured_media":15631,"comment_status":"open","ping_status":"closed","template":"","meta":[],"product_brand":[1881],"product_cat":[1675],"product_tag":[],"class_list":{"0":"post-15617","1":"product","2":"type-product","3":"status-publish","4":"has-post-thumbnail","6":"product_brand-hoco","7":"product_cat-mieng-dan-khac","9":"first","10":"instock","11":"sale","12":"shipping-taxable","13":"purchasable","14":"product-type-variable"},"_links":{"self":[{"href":"https:\/\/web-ban-le.mbws.vn\/thiet-bi-dien-tu\/wp-json\/wp\/v2\/product\/15617","targetHints":{"allow":["GET"]}}],"collection":[{"href":"https:\/\/web-ban-le.mbws.vn\/thiet-bi-dien-tu\/wp-json\/wp\/v2\/product"}],"about":[{"href":"https:\/\/web-ban-le.mbws.vn\/thiet-bi-dien-tu\/wp-json\/wp\/v2\/types\/product"}],"replies":[{"embeddable":true,"href":"https:\/\/web-ban-le.mbws.vn\/thiet-bi-dien-tu\/wp-json\/wp\/v2\/comments?post=15617"}],"wp:featuredmedia":[{"embeddable":true,"href":"https:\/\/web-ban-le.mbws.vn\/thiet-bi-dien-tu\/wp-json\/wp\/v2\/media\/15631"}],"wp:attachment":[{"href":"https:\/\/web-ban-le.mbws.vn\/thiet-bi-dien-tu\/wp-json\/wp\/v2\/media?parent=15617"}],"wp:term":[{"taxonomy":"product_brand","embeddable":true,"href":"https:\/\/web-ban-le.mbws.vn\/thiet-bi-dien-tu\/wp-json\/wp\/v2\/product_brand?post=15617"},{"taxonomy":"product_cat","embeddable":true,"href":"https:\/\/web-ban-le.mbws.vn\/thiet-bi-dien-tu\/wp-json\/wp\/v2\/product_cat?post=15617"},{"taxonomy":"product_tag","embeddable":true,"href":"https:\/\/web-ban-le.mbws.vn\/thiet-bi-dien-tu\/wp-json\/wp\/v2\/product_tag?post=15617"}],"curies":[{"name":"wp","href":"https:\/\/api.w.org\/{rel}","templated":true}]}}