{"id":15659,"date":"2025-10-28T17:04:34","date_gmt":"2025-10-28T10:04:34","guid":{"rendered":"https:\/\/web-ban-le.mbws.vn\/thiet-bi-dien-tu\/?post_type=product&#038;p=15659"},"modified":"2025-11-04T13:19:47","modified_gmt":"2025-11-04T06:19:47","slug":"day-sac-nhanh-20w-ngan-25cm-hoco-dung-cho-14-13-12-11-sac-nhanh-pd20w-ho-tro-toi-da-27w","status":"publish","type":"product","link":"https:\/\/web-ban-le.mbws.vn\/thiet-bi-dien-tu\/san-pham\/day-sac-nhanh-20w-ngan-25cm-hoco-dung-cho-14-13-12-11-sac-nhanh-pd20w-ho-tro-toi-da-27w\/","title":{"rendered":"D\u00e2y s\u1ea1c nhanh 20w ng\u1eafn 25cm Hoco d\u00f9ng cho 14 13 12 11 &#8230; s\u1ea1c nhanh pd20w h\u1ed7 tr\u1ee3 t\u1ed1i \u0111a 27w"},"content":{"rendered":"<div class=\"e8lZp3\">\n<p class=\"QN2lPu\">&nbsp;* * * * * * * * * * * * * * * * * * * * * * * * * * * * * * * GI\u1edaI THI\u1ec6U  SHOP* * * * * * * * * * * * * * * * * * * * * * * * * * * * * * <\/p>\n<p class=\"QN2lPu\">\n<p class=\"QN2lPu\"> &#8211; Th\u01b0\u01a1ng hi\u1ec7u Hoco \u0111\u00e3 ho\u1ea1t \u0111\u1ed9ng 10 n\u0103m \u0111\u00e3 kh\u1eb3ng \u0111\u1ecbnh \u0111\u01b0\u1ee3c ch\u1ea5t l\u01b0\u1ee3ng v\u00e0 vi th\u1ebf trong l\u00f2ng ng\u01b0\u1eddi ti\u00eau d\u00f9ng .<\/p>\n<p class=\"QN2lPu\">\n<p class=\"QN2lPu\">* * * * * * * * * * * * * * * * * * * * * * * * * * * * * * TH\u00d4NG TIN S\u1ea2N PH\u1ea8M* * * * * * * * * * * * * * * * * * * * * * * * * * * *<\/p>\n<p class=\"QN2lPu\">\n<p class=\"QN2lPu\">1, chi\u1ec1u d\u00e0i: 0,25m; tr\u1ecdng l\u01b0\u1ee3ng: 10g<\/p>\n<p class=\"QN2lPu\">2, ch\u1ea5t li\u1ec7u b\u00ean ngo\u00e0i: PVC<\/p>\n<p class=\"QN2lPu\">3, v\u1eadt li\u1ec7u chung: PVC<\/p>\n<p class=\"QN2lPu\">4, l\u00f5i d\u00e2y: (34\/0.1)*2+(16\/0.08)*3 OD4mm<\/p>\n<p class=\"QN2lPu\">\n<p class=\"QN2lPu\">\n<p class=\"QN2lPu\">* * * * * * * * * * * * * * * * * * * * * * * * * * QUY\u1ec0N L\u1ee2I C\u1ee6A KH\u00c1CH H\u00c0NG * * * * * * * * * * * * * * * * * * * * * * * * * * * <\/p>\n<p class=\"QN2lPu\">\n<p class=\"QN2lPu\">&#8211; H\u00e0ng ch\u00ednh h\u00e3ng 100%<\/p>\n<p class=\"QN2lPu\">&#8211; Lu\u00f4n lu\u00f4n s\u1eb5n h\u00e0ng , th\u1eddi gian \u0111\u00f3ng g\u00f3i nhanh tr\u00f3ng<\/p>\n<p class=\"QN2lPu\">&#8211; d\u1eef v\u1ecf h\u1ed9p \u0111\u1ec3 \u0111\u01b0\u1ee3c h\u1ed7 tr\u1ee3 khi s\u1ea3n ph\u1ea9m l\u1ed7i .<\/p>\n<\/div>\n","protected":false},"excerpt":{"rendered":"<p>&nbsp;* * * * * * * * * * * * * * * * * * * * * * * * * * * * * * * GI\u1edaI THI\u1ec6U SHOP* * * * * * * * * * * * * * * * * * * * * *&#8230;<\/p>\n","protected":false},"featured_media":15684,"comment_status":"open","ping_status":"closed","template":"","meta":[],"product_brand":[1881],"product_cat":[1669,1671],"product_tag":[],"class_list":{"0":"post-15659","1":"product","2":"type-product","3":"status-publish","4":"has-post-thumbnail","6":"product_brand-hoco","7":"product_cat-pin-gan-trong","8":"product_cat-cap-sac-va-dau-chuyen-doi","10":"first","11":"instock","12":"sale","13":"shipping-taxable","14":"purchasable","15":"product-type-simple"},"_links":{"self":[{"href":"https:\/\/web-ban-le.mbws.vn\/thiet-bi-dien-tu\/wp-json\/wp\/v2\/product\/15659","targetHints":{"allow":["GET"]}}],"collection":[{"href":"https:\/\/web-ban-le.mbws.vn\/thiet-bi-dien-tu\/wp-json\/wp\/v2\/product"}],"about":[{"href":"https:\/\/web-ban-le.mbws.vn\/thiet-bi-dien-tu\/wp-json\/wp\/v2\/types\/product"}],"replies":[{"embeddable":true,"href":"https:\/\/web-ban-le.mbws.vn\/thiet-bi-dien-tu\/wp-json\/wp\/v2\/comments?post=15659"}],"wp:featuredmedia":[{"embeddable":true,"href":"https:\/\/web-ban-le.mbws.vn\/thiet-bi-dien-tu\/wp-json\/wp\/v2\/media\/15684"}],"wp:attachment":[{"href":"https:\/\/web-ban-le.mbws.vn\/thiet-bi-dien-tu\/wp-json\/wp\/v2\/media?parent=15659"}],"wp:term":[{"taxonomy":"product_brand","embeddable":true,"href":"https:\/\/web-ban-le.mbws.vn\/thiet-bi-dien-tu\/wp-json\/wp\/v2\/product_brand?post=15659"},{"taxonomy":"product_cat","embeddable":true,"href":"https:\/\/web-ban-le.mbws.vn\/thiet-bi-dien-tu\/wp-json\/wp\/v2\/product_cat?post=15659"},{"taxonomy":"product_tag","embeddable":true,"href":"https:\/\/web-ban-le.mbws.vn\/thiet-bi-dien-tu\/wp-json\/wp\/v2\/product_tag?post=15659"}],"curies":[{"name":"wp","href":"https:\/\/api.w.org\/{rel}","templated":true}]}}