{"id":15706,"date":"2025-10-28T17:04:57","date_gmt":"2025-10-28T10:04:57","guid":{"rendered":"https:\/\/web-ban-le.mbws.vn\/thiet-bi-dien-tu\/?post_type=product&#038;p=15706"},"modified":"2025-11-04T13:19:46","modified_gmt":"2025-11-04T06:19:46","slug":"chuot-khong-day-chinh-hang-hoco-usb-2-4ghz-nho-gon-thuan-ca-2-tay-phu-hop-pc-laptop","status":"publish","type":"product","link":"https:\/\/web-ban-le.mbws.vn\/thiet-bi-dien-tu\/san-pham\/chuot-khong-day-chinh-hang-hoco-usb-2-4ghz-nho-gon-thuan-ca-2-tay-phu-hop-pc-laptop\/","title":{"rendered":"Chu\u1ed9t kh\u00f4ng d\u00e2y ch\u00ednh h\u00e3ng Hoco USB 2.4Ghz nh\u1ecf g\u1ecdn thu\u1eadn c\u1ea3 2 tay ph\u00f9 h\u1ee3p PC Laptop"},"content":{"rendered":"<div class=\"e8lZp3\">\n<p class=\"QN2lPu\">* * * * * * * * * * * * * * * * * * * * * * * * * * * * * * * GI\u1edaI THI\u1ec6U  SHOP* * * * * * * * * * * * * * * * * * * * * * * * * * * * * * <\/p>\n<p class=\"QN2lPu\">\n<p class=\"QN2lPu\">&#8211; Th\u01b0\u01a1ng hi\u1ec7u Hoco \u0111\u00e3 ho\u1ea1t \u0111\u1ed9ng 10 n\u0103m \u0111\u00e3 kh\u1eb3ng \u0111\u1ecbnh \u0111\u01b0\u1ee3c ch\u1ea5t l\u01b0\u1ee3ng v\u00e0 vi th\u1ebf trong l\u00f2ng ng\u01b0\u1eddi ti\u00eau d\u00f9ng .<\/p>\n<p class=\"QN2lPu\">\n<p class=\"QN2lPu\">* * * * * * * * * * * * * * * * * * * * * * * * * * * * * * TH\u00d4NG TIN S\u1ea2N PH\u1ea8M* * * * * * * * * * * * * * * * * * * * * * * * * * * *<\/p>\n<p class=\"QN2lPu\">\n<p class=\"QN2lPu\">T\u00cdNH N\u0102NG KH\u00d4NG D\u00c2Y \u0110\u00c1NG TIN C\u1eacY<\/p>\n<p class=\"QN2lPu\">Kh\u00f4ng b\u1ecb tr\u1ec5 ho\u1eb7c m\u1ea5t k\u1ebft n\u1ed1i. \u0110\u1ea7u thu kh\u00f4ng d\u00e2y t\u00ed hon mang l\u1ea1i cho b\u1ea1n kh\u1ea3 n\u0103ng k\u1ebft n\u1ed1i m\u00e0 b\u1ea1n c\u00f3 th\u1ec3 tin c\u1eady.<\/p>\n<p class=\"QN2lPu\">B\u1ea1n s\u1ebd \u0111\u01b0\u1ee3c t\u1eadn h\u01b0\u1edfng ch\u1ea5t l\u01b0\u1ee3ng v\u00e0 \u0111\u1ed9 tin c\u1eady cao <\/p>\n<p class=\"QN2lPu\">\u0110\u1ea6U THU NANO CH\u1ec8 VI\u1ec6C C\u1eaeM V\u00c0O S\u1eec D\u1ee4NG<\/p>\n<p class=\"QN2lPu\">B\u1ed9 n\u00e0y ho\u1ea1t \u0111\u1ed9ng v\u1edbi c\u00e1c m\u00e1y t\u00ednh ch\u1ea1y Window\u00ae v\u00e0 Mac\u00ae. R\u1ea5t nh\u1ecf v\u00e0 kh\u00f4ng t\u1ed1n di\u1ec7n t\u00edch, b\u1ea1n ch\u1ec9 c\u1ea7n c\u1eafm v\u00e0o c\u1ed5ng USB v\u00e0 kh\u00f4ng c\u1ea7n \u0111\u1ec3 t\u00e2m \u0111\u1ebfn n\u1eefa. Th\u00eam v\u00e0o \u0111\u00f3, b\u1ea1n s\u1ebd kh\u00f4ng c\u00f2n ph\u1ea3i lo s\u1ee3 m\u1ea5t \u0111\u1ea7u thu.<\/p>\n<p class=\"QN2lPu\">\n<p class=\"QN2lPu\">\n<p class=\"QN2lPu\">B\u1ed8 S\u1ea2N PH\u1ea8M BAO G\u1ed2M<\/p>\n<p class=\"QN2lPu\">1 : CHU\u1ed8T KH\u00d4NG D\u00c2Y<\/p>\n<p class=\"QN2lPu\">\n<p class=\"QN2lPu\">\n<p class=\"QN2lPu\">* * * * * * * * * * * * * * * * * * * * * * * * * * QUY\u1ec0N L\u1ee2I C\u1ee6A KH\u00c1CH H\u00c0NG * * * * * * * * * * * * * * * * * * * * * * * * * * * <\/p>\n<p class=\"QN2lPu\">\n<p class=\"QN2lPu\">&#8211; H\u00e0ng ch\u00ednh h\u00e3ng 100%<\/p>\n<p class=\"QN2lPu\">&#8211; Lu\u00f4n lu\u00f4n s\u1eb5n h\u00e0ng , th\u1eddi gian \u0111\u00f3ng g\u00f3i nhanh tr\u00f3ng<\/p>\n<p class=\"QN2lPu\">&#8211; d\u1eef v\u1ecf h\u1ed9p \u0111\u1ec3 \u0111\u01b0\u1ee3c h\u1ed7 tr\u1ee3 khi s\u1ea3n ph\u1ea9m l\u1ed7i .<\/p>\n<\/div>\n","protected":false},"excerpt":{"rendered":"<p>* * * * * * * * * * * * * * * * * * * * * * * * * * * * * * * GI\u1edaI THI\u1ec6U SHOP* * * * * * * * * * * * * * * * * * * * * *&#8230;<\/p>\n","protected":false},"featured_media":15739,"comment_status":"open","ping_status":"closed","template":"","meta":[],"product_brand":[1881],"product_cat":[1837],"product_tag":[],"class_list":{"0":"post-15706","1":"product","2":"type-product","3":"status-publish","4":"has-post-thumbnail","6":"product_brand-hoco","7":"product_cat-chuot-may-tinh","9":"first","10":"instock","11":"sale","12":"shipping-taxable","13":"purchasable","14":"product-type-variable"},"_links":{"self":[{"href":"https:\/\/web-ban-le.mbws.vn\/thiet-bi-dien-tu\/wp-json\/wp\/v2\/product\/15706","targetHints":{"allow":["GET"]}}],"collection":[{"href":"https:\/\/web-ban-le.mbws.vn\/thiet-bi-dien-tu\/wp-json\/wp\/v2\/product"}],"about":[{"href":"https:\/\/web-ban-le.mbws.vn\/thiet-bi-dien-tu\/wp-json\/wp\/v2\/types\/product"}],"replies":[{"embeddable":true,"href":"https:\/\/web-ban-le.mbws.vn\/thiet-bi-dien-tu\/wp-json\/wp\/v2\/comments?post=15706"}],"wp:featuredmedia":[{"embeddable":true,"href":"https:\/\/web-ban-le.mbws.vn\/thiet-bi-dien-tu\/wp-json\/wp\/v2\/media\/15739"}],"wp:attachment":[{"href":"https:\/\/web-ban-le.mbws.vn\/thiet-bi-dien-tu\/wp-json\/wp\/v2\/media?parent=15706"}],"wp:term":[{"taxonomy":"product_brand","embeddable":true,"href":"https:\/\/web-ban-le.mbws.vn\/thiet-bi-dien-tu\/wp-json\/wp\/v2\/product_brand?post=15706"},{"taxonomy":"product_cat","embeddable":true,"href":"https:\/\/web-ban-le.mbws.vn\/thiet-bi-dien-tu\/wp-json\/wp\/v2\/product_cat?post=15706"},{"taxonomy":"product_tag","embeddable":true,"href":"https:\/\/web-ban-le.mbws.vn\/thiet-bi-dien-tu\/wp-json\/wp\/v2\/product_tag?post=15706"}],"curies":[{"name":"wp","href":"https:\/\/api.w.org\/{rel}","templated":true}]}}