{"id":15757,"date":"2025-10-28T17:05:14","date_gmt":"2025-10-28T10:05:14","guid":{"rendered":"https:\/\/web-ban-le.mbws.vn\/thiet-bi-dien-tu\/?post_type=product&#038;p=15757"},"modified":"2025-11-04T13:19:46","modified_gmt":"2025-11-04T06:19:46","slug":"tai-nghe-co-day-jack-cam-det-hoco-dung-cho-7-8-12-13-14-kem-mic-loc-am-tot-am-thanh-vom-6d","status":"publish","type":"product","link":"https:\/\/web-ban-le.mbws.vn\/thiet-bi-dien-tu\/san-pham\/tai-nghe-co-day-jack-cam-det-hoco-dung-cho-7-8-12-13-14-kem-mic-loc-am-tot-am-thanh-vom-6d\/","title":{"rendered":"Tai nghe c\u00f3 d\u00e2y jack c\u1eafm d\u1eb9t HOCO d\u00f9ng cho 7 8..12 13 14 k\u00e8m mic l\u1ecdc \u00e2m t\u1ed1t \u00e2m thanh v\u00f2m 6d"},"content":{"rendered":"<div class=\"e8lZp3\">\n<p class=\"QN2lPu\">* * * * * * * * * * * * * * * * * * * * * * * * * * * * * * * GI\u1edaI THI\u1ec6U  SHOP* * * * * * * * * * * * * * * * * * * * * * * * * * * * * * <\/p>\n<p class=\"QN2lPu\">\n<p class=\"QN2lPu\">\n<p class=\"QN2lPu\">\n<p class=\"QN2lPu\">&#8211; Th\u01b0\u01a1ng hi\u1ec7u Hoco \u0111\u00e3 ho\u1ea1t \u0111\u1ed9ng 10 n\u0103m \u0111\u00e3 kh\u1eb3ng \u0111\u1ecbnh \u0111\u01b0\u1ee3c ch\u1ea5t l\u01b0\u1ee3ng v\u00e0 vi th\u1ebf trong l\u00f2ng ng\u01b0\u1eddi ti\u00eau d\u00f9ng .<\/p>\n<p class=\"QN2lPu\">\n<p class=\"QN2lPu\">\n<p class=\"QN2lPu\">\n<p class=\"QN2lPu\">* * * * * * * * * * * * * * * * * * * * * * * * * * * * * * TH\u00d4NG TIN S\u1ea2N PH\u1ea8M* * * * * * * * * * * * * * * * * * * * * * * * * * * *<\/p>\n<p class=\"QN2lPu\">\n<p class=\"QN2lPu\">\n<p class=\"QN2lPu\">\n<p class=\"QN2lPu\">TH\u00d4NG S\u1ed0 S\u1ea2N PH\u1ea8M :<\/p>\n<p class=\"QN2lPu\">\n<p class=\"QN2lPu\">&#8211; Th\u01b0\u01a1ng hi\u1ec7u: Hoco.<\/p>\n<p class=\"QN2lPu\">\n<p class=\"QN2lPu\">&#8211; M\u1ea7u s\u1eafc : tr\u1eafng<\/p>\n<p class=\"QN2lPu\">\n<p class=\"QN2lPu\">&#8211; Chi\u1ec1u d\u00e0i: 12mm <\/p>\n<p class=\"QN2lPu\">\n<p class=\"QN2lPu\">&#8211; Tr\u1ecdng l\u01b0\u1ee3ng: 26g<\/p>\n<p class=\"QN2lPu\">\n<p class=\"QN2lPu\">&#8211; H\u1ed7 tr\u1ee3 c\u00e1c giao th\u1ee9c A2DP, AVRCP, HSP, HFP.<\/p>\n<p class=\"QN2lPu\">\n<p class=\"QN2lPu\">&#8211; T\u1ea7n s\u1ed1 truy\u1ec1n: 2.4GHz.<\/p>\n<p class=\"QN2lPu\">\n<p class=\"QN2lPu\">&#8211; Loa ngo\u00e0i: 14mm.<\/p>\n<p class=\"QN2lPu\">\n<p class=\"QN2lPu\">&#8211; Gi\u1eafc c\u1eafm \u00e2m thanh: \u0110\u1ea7u n\u1ed1i d\u1eb9t.<\/p>\n<p class=\"QN2lPu\">\n<p class=\"QN2lPu\">&#8211; C\u00e1p: d\u00e2y tr\u00e1ng men TPE \u0111\u00e0n h\u1ed3i cao<\/p>\n<p class=\"QN2lPu\">\n<p class=\"QN2lPu\">&#8211; H\u1ed7 tr\u1ee3: T\u0103ng gi\u1ea3m \u00e2m l\u01b0\u1ee3ng, tr\u01b0\u1edbc\/sau, b\u1eaft \u0111\u1ea7u\/d\u1eebng, \u0111\u00e0m tho\u1ea1i<\/p>\n<p class=\"QN2lPu\">\n<p class=\"QN2lPu\">&#8211; Thi\u1ebft k\u1ebf trong tai, tho\u1ea3i m\u00e1i khi \u0111eo, kh\u00f4ng d\u1ec5 tu\u1ed9t ra<\/p>\n<p class=\"QN2lPu\">\n<p class=\"QN2lPu\">\n<p class=\"QN2lPu\">\n<p class=\"QN2lPu\">H\u01af\u1edaNG D\u1eaaN S\u1eec D\u1ee4NG<\/p>\n<p class=\"QN2lPu\">\n<p class=\"QN2lPu\">Sau khi c\u1eafm \u0111i\u1ec7n tho\u1ea1i l\u1ea7n \u0111\u1ea7u ti\u00ean, vui l\u00f2ng b\u1eadt ch\u1ee9c n\u0103ng Bluetooth <\/p>\n<p class=\"QN2lPu\">\n<p class=\"QN2lPu\">trong &#8220;c\u00e0i \u0111\u1eb7t&#8221; c\u1ee7a \u0111i\u1ec7n tho\u1ea1i. Sau v\u00e0i gi\u00e2y, \u0111i\u1ec7n tho\u1ea1i s\u1ebd t\u00ecm th\u1ea5y m\u1ed9t<\/p>\n<p class=\"QN2lPu\">\n<p class=\"QN2lPu\"> thi\u1ebft b\u1ecb Bluetooth c\u00f3 t\u00ean Chi\u1ebfu s\u00e1ng thi\u1ebft b\u1ecb. Nh\u1ea5p v\u00e0o k\u1ebft n\u1ed1i gh\u00e9p <\/p>\n<p class=\"QN2lPu\">\n<p class=\"QN2lPu\">n\u1ed1i \u0111\u1ec3 k\u1ebft n\u1ed1i th\u00e0nh c\u00f4ng. Ch\u1ec9 c\u1ea7n k\u1ebft n\u1ed1i t\u1ef1 \u0111\u1ed9ng khi Bluetooth \u0111\u01b0\u1ee3c <\/p>\n<p class=\"QN2lPu\">\n<p class=\"QN2lPu\">b\u1eadt.<\/p>\n<p class=\"QN2lPu\">\n<p class=\"QN2lPu\">R\u1ea5t ti\u1ec7n l\u1ee3i, kh\u00f4ng c\u1ea7n ph\u1ea3i k\u1ebft n\u1ed1i th\u1ee7 c\u00f4ng m\u1ecdi l\u00fac.<\/p>\n<p class=\"QN2lPu\">\n<p class=\"QN2lPu\">\n<p class=\"QN2lPu\">\n<p class=\"QN2lPu\">\n<p class=\"QN2lPu\">\n<p class=\"QN2lPu\">B\u1ed8 S\u1ea2N PH\u1ea8M BAO G\u1ed2M<\/p>\n<p class=\"QN2lPu\">\n<p class=\"QN2lPu\">1 CHI\u1ebeC TAI NGHE<\/p>\n<p class=\"QN2lPu\">\n<p class=\"QN2lPu\">1 H\u1ed8P S\u1ea2N PH\u1ea8M<\/p>\n<p class=\"QN2lPu\">\n<p class=\"QN2lPu\">1 S\u00c1CH H\u01af\u1edaNG D\u1eaaN<\/p>\n<p class=\"QN2lPu\">\n<p class=\"QN2lPu\">\n<p class=\"QN2lPu\">\n<p class=\"QN2lPu\">* * * * * * * * * * * * * * * * * * * * * * * * * * QUY\u1ec0N L\u1ee2I C\u1ee6A KH\u00c1CH H\u00c0NG * * * * * * * * * * * * * * * * * * * * * * * * * * * <\/p>\n<p class=\"QN2lPu\">\n<p class=\"QN2lPu\">\n<p class=\"QN2lPu\">\n<p class=\"QN2lPu\">&#8211; H\u00e0ng ch\u00ednh h\u00e3ng 100%<\/p>\n<p class=\"QN2lPu\">\n<p class=\"QN2lPu\">&#8211; Lu\u00f4n lu\u00f4n s\u1eb5n h\u00e0ng , th\u1eddi gian \u0111\u00f3ng g\u00f3i nhanh tr\u00f3ng<\/p>\n<p class=\"QN2lPu\">\n<p class=\"QN2lPu\">&#8211; d\u1eef v\u1ecf h\u1ed9p \u0111\u1ec3 \u0111\u01b0\u1ee3c h\u1ed7 tr\u1ee3 khi s\u1ea3n ph\u1ea9m l\u1ed7i .<\/p>\n<\/div>\n","protected":false},"excerpt":{"rendered":"<p>* * * * * * * * * * * * * * * * * * * * * * * * * * * * * * * GI\u1edaI THI\u1ec6U SHOP* * * * * * * * * * * * * * * * * * * * * *&#8230;<\/p>\n","protected":false},"featured_media":15807,"comment_status":"open","ping_status":"closed","template":"","meta":[],"product_brand":[1881],"product_cat":[1673],"product_tag":[],"class_list":{"0":"post-15757","1":"product","2":"type-product","3":"status-publish","4":"has-post-thumbnail","6":"product_brand-hoco","7":"product_cat-headphones","9":"first","10":"instock","11":"shipping-taxable","12":"purchasable","13":"product-type-simple"},"_links":{"self":[{"href":"https:\/\/web-ban-le.mbws.vn\/thiet-bi-dien-tu\/wp-json\/wp\/v2\/product\/15757","targetHints":{"allow":["GET"]}}],"collection":[{"href":"https:\/\/web-ban-le.mbws.vn\/thiet-bi-dien-tu\/wp-json\/wp\/v2\/product"}],"about":[{"href":"https:\/\/web-ban-le.mbws.vn\/thiet-bi-dien-tu\/wp-json\/wp\/v2\/types\/product"}],"replies":[{"embeddable":true,"href":"https:\/\/web-ban-le.mbws.vn\/thiet-bi-dien-tu\/wp-json\/wp\/v2\/comments?post=15757"}],"wp:featuredmedia":[{"embeddable":true,"href":"https:\/\/web-ban-le.mbws.vn\/thiet-bi-dien-tu\/wp-json\/wp\/v2\/media\/15807"}],"wp:attachment":[{"href":"https:\/\/web-ban-le.mbws.vn\/thiet-bi-dien-tu\/wp-json\/wp\/v2\/media?parent=15757"}],"wp:term":[{"taxonomy":"product_brand","embeddable":true,"href":"https:\/\/web-ban-le.mbws.vn\/thiet-bi-dien-tu\/wp-json\/wp\/v2\/product_brand?post=15757"},{"taxonomy":"product_cat","embeddable":true,"href":"https:\/\/web-ban-le.mbws.vn\/thiet-bi-dien-tu\/wp-json\/wp\/v2\/product_cat?post=15757"},{"taxonomy":"product_tag","embeddable":true,"href":"https:\/\/web-ban-le.mbws.vn\/thiet-bi-dien-tu\/wp-json\/wp\/v2\/product_tag?post=15757"}],"curies":[{"name":"wp","href":"https:\/\/api.w.org\/{rel}","templated":true}]}}