{"id":15759,"date":"2025-10-28T17:05:14","date_gmt":"2025-10-28T10:05:14","guid":{"rendered":"https:\/\/web-ban-le.mbws.vn\/thiet-bi-dien-tu\/?post_type=product&#038;p=15759"},"modified":"2025-11-04T13:19:46","modified_gmt":"2025-11-04T06:19:46","slug":"tai-nghe-co-day-giac-cam-3-5mm-hoco-am-thanh-vom-6d-cao-cap","status":"publish","type":"product","link":"https:\/\/web-ban-le.mbws.vn\/thiet-bi-dien-tu\/san-pham\/tai-nghe-co-day-giac-cam-3-5mm-hoco-am-thanh-vom-6d-cao-cap\/","title":{"rendered":"Tai nghe c\u00f3 d\u00e2y gi\u1eafc c\u1eafm 3.5mm HOCO \u00e2m thanh v\u00f2m 6D cao c\u1ea5p"},"content":{"rendered":"<div class=\"e8lZp3\">\n<p class=\"QN2lPu\">* * * * * * * * * * * * * * * * * * * * * * * * * * * * * * * GI\u1edaI THI\u1ec6U  SHOP* * * * * * * * * * * * * * * * * * * * * * * * * * * * * * <\/p>\n<p class=\"QN2lPu\">\n<p class=\"QN2lPu\">&#8211; Th\u01b0\u01a1ng hi\u1ec7u Hoco \u0111\u00e3 ho\u1ea1t \u0111\u1ed9ng 10 n\u0103m \u0111\u00e3 kh\u1eb3ng \u0111\u1ecbnh \u0111\u01b0\u1ee3c ch\u1ea5t l\u01b0\u1ee3ng v\u00e0 vi th\u1ebf trong l\u00f2ng ng\u01b0\u1eddi ti\u00eau d\u00f9ng .<\/p>\n<p class=\"QN2lPu\">\n<p class=\"QN2lPu\">* * * * * * * * * * * * * * * * * * * * * * * * * * * * * * TH\u00d4NG TIN S\u1ea2N PH\u1ea8M* * * * * * * * * * * * * * * * * * * * * * * * * * * *<\/p>\n<p class=\"QN2lPu\">\n<p class=\"QN2lPu\">Phu\u01a1ng th\u1ee9c \u0111eo: nh\u00e9t tai<\/p>\n<p class=\"QN2lPu\">Tai nghe c\u00f3 M\u00edc<\/p>\n<p class=\"QN2lPu\">H\u00ecnh th\u1ee9c nh\u1ecf g\u1ecdn, d\u00e2y m\u1ea3nh, \u0111\u1ea7u tai nh\u1ecf 10mm<\/p>\n<p class=\"QN2lPu\">H\u1ed7 tr\u1ee3 ch\u01a1i game, nghe nh\u1ea1c, th\u00edch h\u1ee3p v\u1edbi smartphone, PC&#8230;.<\/p>\n<p class=\"QN2lPu\">Ch\u1ea5t li\u1ec7u d\u00e2y: d\u00e2y nh\u1ef1a TPE kh\u00f4ng lo g\u00e3y \u0111\u1ee9t, ch\u1ed1ng xo\u1eafn<\/p>\n<p class=\"QN2lPu\">M\u00e0u s\u1eafc: \u0110en\/Tr\u1eafng<\/p>\n<p class=\"QN2lPu\">Jack c\u1eafm 3.5mm ch\u1ed1ng \u00f4 xy h\u00f3a, cho ch\u1ea5t l\u01b0\u1ee3ng \u00e2m thanh trung th\u1ef1c, tinh khi\u1ebft<\/p>\n<p class=\"QN2lPu\">\u0110\u1ed9 d\u00e0i d\u00e2y: 1,2M<\/p>\n<p class=\"QN2lPu\">\u00c2m thanh nghe to, \u00e2m bass r\u00f5, nghe r\u1ea5t \u1ea5m<\/p>\n<p class=\"QN2lPu\">Nh\u1ecf g\u1ecdn d\u1ec5 d\u00e0ng mang theo<\/p>\n<p class=\"QN2lPu\">\n<p class=\"QN2lPu\">C\u00d3 2 PH\u00c2N LO\u1ea0I M\u1ea6U S\u1eaeC : \u0110EN V\u00c0 TR\u1eaeNG<\/p>\n<p class=\"QN2lPu\">\n<p class=\"QN2lPu\">B\u1ed8 S\u1ea2N PH\u1ea8M BAO G\u1ed2M<\/p>\n<p class=\"QN2lPu\">1 : TAI NGHE<\/p>\n<p class=\"QN2lPu\">\n<p class=\"QN2lPu\">* * * * * * * * * * * * * * * * * * * * * * * * * * QUY\u1ec0N L\u1ee2I C\u1ee6A KH\u00c1CH H\u00c0NG * * * * * * * * * * * * * * * * * * * * * * * * * * * <\/p>\n<p class=\"QN2lPu\">\n<p class=\"QN2lPu\">&#8211; H\u00e0ng ch\u00ednh h\u00e3ng 100%<\/p>\n<p class=\"QN2lPu\">&#8211; Lu\u00f4n lu\u00f4n s\u1eb5n h\u00e0ng , th\u1eddi gian \u0111\u00f3ng g\u00f3i nhanh tr\u00f3ng<\/p>\n<p class=\"QN2lPu\">&#8211; d\u1eef v\u1ecf h\u1ed9p \u0111\u1ec3 \u0111\u01b0\u1ee3c h\u1ed7 tr\u1ee3 khi s\u1ea3n ph\u1ea9m l\u1ed7i .<\/p>\n<\/div>\n","protected":false},"excerpt":{"rendered":"<p>* * * * * * * * * * * * * * * * * * * * * * * * * * * * * * * GI\u1edaI THI\u1ec6U SHOP* * * * * * * * * * * * * * * * * * * * * *&#8230;<\/p>\n","protected":false},"featured_media":15827,"comment_status":"open","ping_status":"closed","template":"","meta":[],"product_brand":[1881],"product_cat":[1673],"product_tag":[],"class_list":{"0":"post-15759","1":"product","2":"type-product","3":"status-publish","4":"has-post-thumbnail","6":"product_brand-hoco","7":"product_cat-headphones","9":"first","10":"instock","11":"sale","12":"shipping-taxable","13":"purchasable","14":"product-type-variable"},"_links":{"self":[{"href":"https:\/\/web-ban-le.mbws.vn\/thiet-bi-dien-tu\/wp-json\/wp\/v2\/product\/15759","targetHints":{"allow":["GET"]}}],"collection":[{"href":"https:\/\/web-ban-le.mbws.vn\/thiet-bi-dien-tu\/wp-json\/wp\/v2\/product"}],"about":[{"href":"https:\/\/web-ban-le.mbws.vn\/thiet-bi-dien-tu\/wp-json\/wp\/v2\/types\/product"}],"replies":[{"embeddable":true,"href":"https:\/\/web-ban-le.mbws.vn\/thiet-bi-dien-tu\/wp-json\/wp\/v2\/comments?post=15759"}],"wp:featuredmedia":[{"embeddable":true,"href":"https:\/\/web-ban-le.mbws.vn\/thiet-bi-dien-tu\/wp-json\/wp\/v2\/media\/15827"}],"wp:attachment":[{"href":"https:\/\/web-ban-le.mbws.vn\/thiet-bi-dien-tu\/wp-json\/wp\/v2\/media?parent=15759"}],"wp:term":[{"taxonomy":"product_brand","embeddable":true,"href":"https:\/\/web-ban-le.mbws.vn\/thiet-bi-dien-tu\/wp-json\/wp\/v2\/product_brand?post=15759"},{"taxonomy":"product_cat","embeddable":true,"href":"https:\/\/web-ban-le.mbws.vn\/thiet-bi-dien-tu\/wp-json\/wp\/v2\/product_cat?post=15759"},{"taxonomy":"product_tag","embeddable":true,"href":"https:\/\/web-ban-le.mbws.vn\/thiet-bi-dien-tu\/wp-json\/wp\/v2\/product_tag?post=15759"}],"curies":[{"name":"wp","href":"https:\/\/api.w.org\/{rel}","templated":true}]}}