{"id":15798,"date":"2025-10-28T17:05:37","date_gmt":"2025-10-28T10:05:37","guid":{"rendered":"https:\/\/web-ban-le.mbws.vn\/thiet-bi-dien-tu\/?post_type=product&#038;p=15798"},"modified":"2025-11-04T13:19:46","modified_gmt":"2025-11-04T06:19:46","slug":"cu-sac-nhanh-30w-2-cong-chinh-hang-hoco-23-dau-ra-type-c-va-usb-pd30w-qc3-0-dung-cho-phone-samsung-xiaomi","status":"publish","type":"product","link":"https:\/\/web-ban-le.mbws.vn\/thiet-bi-dien-tu\/san-pham\/cu-sac-nhanh-30w-2-cong-chinh-hang-hoco-23-dau-ra-type-c-va-usb-pd30w-qc3-0-dung-cho-phone-samsung-xiaomi\/","title":{"rendered":"C\u1ee7 s\u1ea1c nhanh 30w 2 c\u1ed5ng Ch\u00ednh h\u00e3ng Hoco 23 \u0111\u1ea7u ra Type C v\u00e0 USB, PD30W + QC3.0 d\u00f9ng cho phone samsung xiaomi &#8230;"},"content":{"rendered":"<div class=\"e8lZp3\">\n<p class=\"QN2lPu\">* * * * * * * * * * * * * * * * * * * * * * * * * * * * * * * GI\u1edaI THI\u1ec6U  SHOP* * * * * * * * * * * * * * * * * * * * * * * * * * * * * * <\/p>\n<p class=\"QN2lPu\">\n<p class=\"QN2lPu\"> &#8211; Th\u01b0\u01a1ng hi\u1ec7u Hoco \u0111\u00e3 ho\u1ea1t \u0111\u1ed9ng 10 n\u0103m \u0111\u00e3 kh\u1eb3ng \u0111\u1ecbnh \u0111\u01b0\u1ee3c ch\u1ea5t l\u01b0\u1ee3ng v\u00e0 vi th\u1ebf trong l\u00f2ng ng\u01b0\u1eddi ti\u00eau d\u00f9ng .<\/p>\n<p class=\"QN2lPu\">\n<p class=\"QN2lPu\">* * * * * * * * * * * * * * * * * * * * * * * * * * * * * * TH\u00d4NG TIN S\u1ea2N PH\u1ea8M* * * * * * * * * * * * * * * * * * * * * * * * * * * *<\/p>\n<p class=\"QN2lPu\">Th\u01b0\u01a1ng hi\u1ec7u : Hoco.<\/p>\n<p class=\"QN2lPu\">1. Ch\u1ea5t li\u1ec7u: ch\u1ea5t li\u1ec7u PC + ABS<\/p>\n<p class=\"QN2lPu\">2, \u0111\u1ea7u ra: <\/p>\n<p class=\"QN2lPu\">   Lo\u1ea1i C: 30W(PD\/QC\/FCP\/AFC);<\/p>\n<p class=\"QN2lPu\">   USB-A:18W\uff08QC\/FCP\/AFC); <\/p>\n<p class=\"QN2lPu\">   Lo\u1ea1i-C+USB-A=5V\/3A<\/p>\n<p class=\"QN2lPu\">3, Ch\u00e2n tr\u00f2n ti\u00eau chu\u1ea9n Ch\u00e2u \u00c2u EU<\/p>\n<p class=\"QN2lPu\">4, K\u00edch th\u01b0\u1edbc: 81*44*28mm, t\u1ed5ng tr\u1ecdng l\u01b0\u1ee3ng: 70g<\/p>\n<p class=\"QN2lPu\">5, M\u00e0u s\u1eafc : \u0110en<\/p>\n<p class=\"QN2lPu\">\n<p class=\"QN2lPu\">* * * * * * * * * * * * * * * * * * * * * * * * * * QUY\u1ec0N L\u1ee2I C\u1ee6A KH\u00c1CH H\u00c0NG * * * * * * * * * * * * * * * * * * * * * * * * * * * <\/p>\n<p class=\"QN2lPu\">\n<p class=\"QN2lPu\">&#8211; H\u00e0ng ch\u00ednh h\u00e3ng 100%<\/p>\n<p class=\"QN2lPu\">&#8211; Lu\u00f4n lu\u00f4n s\u1eb5n h\u00e0ng , th\u1eddi gian \u0111\u00f3ng g\u00f3i nhanh tr\u00f3ng<\/p>\n<p class=\"QN2lPu\">&#8211; d\u1eef v\u1ecf h\u1ed9p \u0111\u1ec3 \u0111\u01b0\u1ee3c h\u1ed7 tr\u1ee3 khi s\u1ea3n ph\u1ea9m l\u1ed7i .<\/p>\n<\/div>\n","protected":false},"excerpt":{"rendered":"<p>* * * * * * * * * * * * * * * * * * * * * * * * * * * * * * * GI\u1edaI THI\u1ec6U SHOP* * * * * * * * * * * * * * * * * * * * * *&#8230;<\/p>\n","protected":false},"featured_media":15842,"comment_status":"open","ping_status":"closed","template":"","meta":[],"product_brand":[1881],"product_cat":[1714,1669],"product_tag":[],"class_list":{"0":"post-15798","1":"product","2":"type-product","3":"status-publish","4":"has-post-thumbnail","6":"product_brand-hoco","7":"product_cat-coc-bo-sac","8":"product_cat-pin-gan-trong","10":"first","11":"instock","12":"sale","13":"shipping-taxable","14":"purchasable","15":"product-type-variable"},"_links":{"self":[{"href":"https:\/\/web-ban-le.mbws.vn\/thiet-bi-dien-tu\/wp-json\/wp\/v2\/product\/15798","targetHints":{"allow":["GET"]}}],"collection":[{"href":"https:\/\/web-ban-le.mbws.vn\/thiet-bi-dien-tu\/wp-json\/wp\/v2\/product"}],"about":[{"href":"https:\/\/web-ban-le.mbws.vn\/thiet-bi-dien-tu\/wp-json\/wp\/v2\/types\/product"}],"replies":[{"embeddable":true,"href":"https:\/\/web-ban-le.mbws.vn\/thiet-bi-dien-tu\/wp-json\/wp\/v2\/comments?post=15798"}],"wp:featuredmedia":[{"embeddable":true,"href":"https:\/\/web-ban-le.mbws.vn\/thiet-bi-dien-tu\/wp-json\/wp\/v2\/media\/15842"}],"wp:attachment":[{"href":"https:\/\/web-ban-le.mbws.vn\/thiet-bi-dien-tu\/wp-json\/wp\/v2\/media?parent=15798"}],"wp:term":[{"taxonomy":"product_brand","embeddable":true,"href":"https:\/\/web-ban-le.mbws.vn\/thiet-bi-dien-tu\/wp-json\/wp\/v2\/product_brand?post=15798"},{"taxonomy":"product_cat","embeddable":true,"href":"https:\/\/web-ban-le.mbws.vn\/thiet-bi-dien-tu\/wp-json\/wp\/v2\/product_cat?post=15798"},{"taxonomy":"product_tag","embeddable":true,"href":"https:\/\/web-ban-le.mbws.vn\/thiet-bi-dien-tu\/wp-json\/wp\/v2\/product_tag?post=15798"}],"curies":[{"name":"wp","href":"https:\/\/api.w.org\/{rel}","templated":true}]}}