{"id":15836,"date":"2025-10-28T17:05:57","date_gmt":"2025-10-28T10:05:57","guid":{"rendered":"https:\/\/web-ban-le.mbws.vn\/thiet-bi-dien-tu\/?post_type=product&#038;p=15836"},"modified":"2025-11-04T13:19:45","modified_gmt":"2025-11-04T06:19:45","slug":"bo-ban-phim-va-chuot-led-rgb-chinh-hang-hoco-gaming-sieu-ben-choi-game-cao-cap-cho-game-thu-hoc-tap-van-phong","status":"publish","type":"product","link":"https:\/\/web-ban-le.mbws.vn\/thiet-bi-dien-tu\/san-pham\/bo-ban-phim-va-chuot-led-rgb-chinh-hang-hoco-gaming-sieu-ben-choi-game-cao-cap-cho-game-thu-hoc-tap-van-phong\/","title":{"rendered":"B\u1ed9 b\u00e0n ph\u00edm v\u00e0 chu\u1ed9t led RGB ch\u00ednh h\u00e3ng Hoco gaming si\u00eau b\u1ec1n ch\u01a1i game cao c\u1ea5p cho game th\u1ee7 h\u1ecdc t\u1eadp v\u0103n ph\u00f2ng &#8230;"},"content":{"rendered":"<div class=\"e8lZp3\">\n<p class=\"QN2lPu\">* * * * * * * * * * * * * * * * * * * * * * * * * * * * * * * GI\u1edaI THI\u1ec6U SHOP* * * * * * * * * * * * * * * * * * * * * * * * * * * * * * <\/p>\n<p class=\"QN2lPu\">\n<p class=\"QN2lPu\"> &#8211; Th\u01b0\u01a1ng hi\u1ec7u Hoco \u0111\u00e3 ho\u1ea1t \u0111\u1ed9ng 10 n\u0103m \u0111\u00e3 kh\u1eb3ng \u0111\u1ecbnh \u0111\u01b0\u1ee3c ch\u1ea5t l\u01b0\u1ee3ng v\u00e0 vi th\u1ebf trong l\u00f2ng ng\u01b0\u1eddi ti\u00eau d\u00f9ng .<\/p>\n<p class=\"QN2lPu\">\n<p class=\"QN2lPu\">* * * * * * * * * * * * * * * * * * * * * * * * * * * * * * TH\u00d4NG TIN S\u1ea2N PH\u1ea8M* * * * * * * * * * * * * * * * * * * * * * * * * * * *<\/p>\n<p class=\"QN2lPu\">\n<p class=\"QN2lPu\">\n<p class=\"QN2lPu\">1. B\u00e0n ph\u00edm: b\u00e0n ph\u00edm phim d\u1eabn s\u00e1ng, v\u1eadt li\u1ec7u th\u00e2n ch\u00ednh: ABS <\/p>\n<p class=\"QN2lPu\">2. Ph\u01b0\u01a1ng th\u1ee9c k\u1ebft n\u1ed1i: USB c\u00f3 d\u00e2y, d\u00e2y PVC, d\u00e0i 1.5m <\/p>\n<p class=\"QN2lPu\">3. K\u00edch th\u01b0\u1edbc: 435 * 132 * 30mm; tr\u1ecdng l\u01b0\u1ee3ng: kho\u1ea3ng 420g <\/p>\n<p class=\"QN2lPu\">4. C\u00e1c n\u00fat: 104 ph\u00edm, UV ph\u00edm N\u1eafp, tu\u1ed5i th\u1ecd kho\u1ea3ng 800W l\u1ea7n <\/p>\n<p class=\"QN2lPu\">5, \u00e1nh s\u00e1ng: LED \u00e1nh s\u00e1ng c\u1ea7u v\u1ed3ng ba m\u00e0u <\/p>\n<p class=\"QN2lPu\">6, chu\u1ed9t: v\u1eadt li\u1ec7u; d\u00e2y ABS + PVC, chi\u1ec1u d\u00e0i d\u00e2y: 1,4m <\/p>\n<p class=\"QN2lPu\">7, k\u00edch th\u01b0\u1edbc: 125 * 60 * 40mm; tr\u1ecdng l\u01b0\u1ee3ng: 400g <\/p>\n<p class=\"QN2lPu\">8, d\u1ecbch v\u1ee5 Tu\u1ed5i th\u1ecd: 300W l\u1ea7n xung quanh <\/p>\n<p class=\"QN2lPu\">9, DPI: 1000 <\/p>\n<p class=\"QN2lPu\">10, \u00e1nh s\u00e1ng: \u0110\u00e8n LED \u0111\u1ea7y m\u00e0u s\u1eafc <\/p>\n<p class=\"QN2lPu\">11, ph\u00f9 h\u1ee3p v\u1edbi: m\u00e1y ch\u1ee7 m\u00e1y t\u00ednh, PS4, Switch, Throne <\/p>\n<p class=\"QN2lPu\">12, t\u01b0\u01a1ng th\u00edch v\u1edbi h\u1ea7u h\u1ebft c\u00e1c h\u1ec7 th\u1ed1ng ph\u1ed5 bi\u1ebfn tr\u00ean th\u1ecb tr\u01b0\u1eddng <\/p>\n<p class=\"QN2lPu\">13, \u0111\u01b0\u1ee3c thi\u1ebft k\u1ebf \u0111\u1eb7c bi\u1ec7t cho tr\u00f2 ch\u01a1i, thi\u1ebft k\u1ebf ti\u1ec7n d\u1ee5ng , ph\u1ea3n h\u1ed3i nhanh ch\u00f3ng v\u00e0 kh\u00f4ng c\u00f3 \u0111\u1ed9 tr\u1ec5, tr\u1ea3i nghi\u1ec7m si\u00eau th\u00fa v\u1ecb<\/p>\n<p class=\"QN2lPu\">\n<p class=\"QN2lPu\">\n<p class=\"QN2lPu\">* * * * * * * * * * * * * * * * * * * * * * * * * * QUY\u1ec0N L\u1ee2I C\u1ee6A KH\u00c1CH H\u00c0NG * * * * * * * * * * * * * * * * * * * * * * * * * * * <\/p>\n<p class=\"QN2lPu\">\n<p class=\"QN2lPu\">&#8211; H\u00e0ng ch\u00ednh h\u00e3ng 100%<\/p>\n<p class=\"QN2lPu\">&#8211; Lu\u00f4n lu\u00f4n s\u1eb5n h\u00e0ng , th\u1eddi gian \u0111\u00f3ng g\u00f3i nhanh tr\u00f3ng<\/p>\n<p class=\"QN2lPu\">&#8211; d\u1eef v\u1ecf h\u1ed9p \u0111\u1ec3 \u0111\u01b0\u1ee3c h\u1ed7 tr\u1ee3 khi s\u1ea3n ph\u1ea9m l\u1ed7i .<\/p>\n<\/div>\n","protected":false},"excerpt":{"rendered":"<p>* * * * * * * * * * * * * * * * * * * * * * * * * * * * * * * GI\u1edaI THI\u1ec6U SHOP* * * * * * * * * * * * * * * * * * * * * *&#8230;<\/p>\n","protected":false},"featured_media":15890,"comment_status":"open","ping_status":"closed","template":"","meta":[],"product_brand":[1881],"product_cat":[1859],"product_tag":[],"class_list":{"0":"post-15836","1":"product","2":"type-product","3":"status-publish","4":"has-post-thumbnail","6":"product_brand-hoco","7":"product_cat-bo-may-tinh-ban","9":"first","10":"instock","11":"sale","12":"shipping-taxable","13":"purchasable","14":"product-type-simple"},"_links":{"self":[{"href":"https:\/\/web-ban-le.mbws.vn\/thiet-bi-dien-tu\/wp-json\/wp\/v2\/product\/15836","targetHints":{"allow":["GET"]}}],"collection":[{"href":"https:\/\/web-ban-le.mbws.vn\/thiet-bi-dien-tu\/wp-json\/wp\/v2\/product"}],"about":[{"href":"https:\/\/web-ban-le.mbws.vn\/thiet-bi-dien-tu\/wp-json\/wp\/v2\/types\/product"}],"replies":[{"embeddable":true,"href":"https:\/\/web-ban-le.mbws.vn\/thiet-bi-dien-tu\/wp-json\/wp\/v2\/comments?post=15836"}],"wp:featuredmedia":[{"embeddable":true,"href":"https:\/\/web-ban-le.mbws.vn\/thiet-bi-dien-tu\/wp-json\/wp\/v2\/media\/15890"}],"wp:attachment":[{"href":"https:\/\/web-ban-le.mbws.vn\/thiet-bi-dien-tu\/wp-json\/wp\/v2\/media?parent=15836"}],"wp:term":[{"taxonomy":"product_brand","embeddable":true,"href":"https:\/\/web-ban-le.mbws.vn\/thiet-bi-dien-tu\/wp-json\/wp\/v2\/product_brand?post=15836"},{"taxonomy":"product_cat","embeddable":true,"href":"https:\/\/web-ban-le.mbws.vn\/thiet-bi-dien-tu\/wp-json\/wp\/v2\/product_cat?post=15836"},{"taxonomy":"product_tag","embeddable":true,"href":"https:\/\/web-ban-le.mbws.vn\/thiet-bi-dien-tu\/wp-json\/wp\/v2\/product_tag?post=15836"}],"curies":[{"name":"wp","href":"https:\/\/api.w.org\/{rel}","templated":true}]}}