{"id":15879,"date":"2025-10-28T17:06:18","date_gmt":"2025-10-28T10:06:18","guid":{"rendered":"https:\/\/web-ban-le.mbws.vn\/thiet-bi-dien-tu\/?post_type=product&#038;p=15879"},"modified":"2025-11-04T13:19:45","modified_gmt":"2025-11-04T06:19:45","slug":"usb-bluetooth-5-4-5-1-5-0-hoco-giup-may-tinh-ban-may-tinh-cay-laptop-thu-phat-song-blutooth-hocomall","status":"publish","type":"product","link":"https:\/\/web-ban-le.mbws.vn\/thiet-bi-dien-tu\/san-pham\/usb-bluetooth-5-4-5-1-5-0-hoco-giup-may-tinh-ban-may-tinh-cay-laptop-thu-phat-song-blutooth-hocomall\/","title":{"rendered":"Usb bluetooth 5.4 5.1 5.0 HOCO gi\u00fap m\u00e1y t\u00ednh b\u00e0n m\u00e1y t\u00ednh c\u00e2y Laptop thu ph\u00e1t s\u00f3ng blutooth hocomall"},"content":{"rendered":"<div class=\"e8lZp3\">\n<p class=\"QN2lPu\">* * * * * * * * * * * * * * * * * * * * * * * * * * * * * * * GI\u1edaI THI\u1ec6U  SHOP* * * * * * * * * * * * * * * * * * * * * * * * * * * * * * <\/p>\n<p class=\"QN2lPu\">\n<p class=\"QN2lPu\">&#8211; Th\u01b0\u01a1ng hi\u1ec7u Hoco \u0111\u00e3 ho\u1ea1t \u0111\u1ed9ng 10 n\u0103m \u0111\u00e3 kh\u1eb3ng \u0111\u1ecbnh \u0111\u01b0\u1ee3c ch\u1ea5t l\u01b0\u1ee3ng v\u00e0 vi th\u1ebf trong l\u00f2ng ng\u01b0\u1eddi ti\u00eau d\u00f9ng .<\/p>\n<p class=\"QN2lPu\">\n<p class=\"QN2lPu\">* * * * * * * * * * * * * * * * * * * * * * * * * * * * * * TH\u00d4NG TIN S\u1ea2N PH\u1ea8M* * * * * * * * * * * * * * * * * * * * * * * * * * * *<\/p>\n<p class=\"QN2lPu\">\n<p class=\"QN2lPu\">&#8211;\tNh\u00e0 s\u1ea3n xu\u1ea5t: HOCO<\/p>\n<p class=\"QN2lPu\">&#8211;\tM\u00e0u s\u1eafc: \u0110en<\/p>\n<p class=\"QN2lPu\">&#8211;\tPhi\u00ean b\u1ea3n Bluetooth: 5.0 v\u00e0 5.1<\/p>\n<p class=\"QN2lPu\">&#8211;\tKho\u1ea3ng c\u00e1ch truy\u1ec1n: 20m<\/p>\n<p class=\"QN2lPu\">&#8211;\tGiao di\u1ec7n: USB-A<\/p>\n<p class=\"QN2lPu\">&#8211;\tH\u1ec7 th\u1ed1ng h\u1ed7 tr\u1ee3: D\u00e0nh cho Windows 7\/8\/10\/11<\/p>\n<p class=\"QN2lPu\">&#8211;\tK\u00edch th\u01b0\u1edbc s\u1ea3n ph\u1ea9m: 24.6&#215;16.2x7mm\/0.97&#215;0.64&#215;0.28&#8243;<\/p>\n<p class=\"QN2lPu\">&#8211;\tTr\u1ecdng l\u01b0\u1ee3ng \u0111\u00f3ng g\u00f3i s\u1ea3n ph\u1ea9m: 22g<\/p>\n<p class=\"QN2lPu\">s\u1ea3n ph\u1ea9m phi\u00ean b\u1ea3n bluetooth 5.1 s\u1ebd c\u00f3 \u0111\u1ed9 ph\u1ee7 s\u00f3ng r\u1ed9ng h\u01a1n v\u00e0 c\u01b0\u1eddng \u0111\u1ed9 s\u00f3ng \u1ed5n \u0111\u1ecbnh h\u01a1n 5.0<\/p>\n<p class=\"QN2lPu\">\n<p class=\"QN2lPu\">* * * * * * * * * * * * * * * * * * * * * * * * * * QUY\u1ec0N L\u1ee2I C\u1ee6A KH\u00c1CH H\u00c0NG * * * * * * * * * * * * * * * * * * * * * * * * * * * <\/p>\n<p class=\"QN2lPu\">\n<p class=\"QN2lPu\">&#8211; H\u00e0ng ch\u00ednh h\u00e3ng 100%<\/p>\n<p class=\"QN2lPu\">&#8211; Lu\u00f4n lu\u00f4n s\u1eb5n h\u00e0ng , th\u1eddi gian \u0111\u00f3ng g\u00f3i nhanh tr\u00f3ng<\/p>\n<p class=\"QN2lPu\">&#8211; d\u1eef v\u1ecf h\u1ed9p \u0111\u1ec3 \u0111\u01b0\u1ee3c h\u1ed7 tr\u1ee3 khi s\u1ea3n ph\u1ea9m l\u1ed7i .<\/p>\n<\/div>\n","protected":false},"excerpt":{"rendered":"<p>* * * * * * * * * * * * * * * * * * * * * * * * * * * * * * * GI\u1edaI THI\u1ec6U SHOP* * * * * * * * * * * * * * * * * * * * * *&#8230;<\/p>\n","protected":false},"featured_media":15938,"comment_status":"open","ping_status":"closed","template":"","meta":[],"product_brand":[1881],"product_cat":[1724],"product_tag":[],"class_list":{"0":"post-15879","1":"product","2":"type-product","3":"status-publish","4":"has-post-thumbnail","6":"product_brand-hoco","7":"product_cat-usb-otg","9":"first","10":"instock","11":"sale","12":"shipping-taxable","13":"purchasable","14":"product-type-variable"},"_links":{"self":[{"href":"https:\/\/web-ban-le.mbws.vn\/thiet-bi-dien-tu\/wp-json\/wp\/v2\/product\/15879","targetHints":{"allow":["GET"]}}],"collection":[{"href":"https:\/\/web-ban-le.mbws.vn\/thiet-bi-dien-tu\/wp-json\/wp\/v2\/product"}],"about":[{"href":"https:\/\/web-ban-le.mbws.vn\/thiet-bi-dien-tu\/wp-json\/wp\/v2\/types\/product"}],"replies":[{"embeddable":true,"href":"https:\/\/web-ban-le.mbws.vn\/thiet-bi-dien-tu\/wp-json\/wp\/v2\/comments?post=15879"}],"wp:featuredmedia":[{"embeddable":true,"href":"https:\/\/web-ban-le.mbws.vn\/thiet-bi-dien-tu\/wp-json\/wp\/v2\/media\/15938"}],"wp:attachment":[{"href":"https:\/\/web-ban-le.mbws.vn\/thiet-bi-dien-tu\/wp-json\/wp\/v2\/media?parent=15879"}],"wp:term":[{"taxonomy":"product_brand","embeddable":true,"href":"https:\/\/web-ban-le.mbws.vn\/thiet-bi-dien-tu\/wp-json\/wp\/v2\/product_brand?post=15879"},{"taxonomy":"product_cat","embeddable":true,"href":"https:\/\/web-ban-le.mbws.vn\/thiet-bi-dien-tu\/wp-json\/wp\/v2\/product_cat?post=15879"},{"taxonomy":"product_tag","embeddable":true,"href":"https:\/\/web-ban-le.mbws.vn\/thiet-bi-dien-tu\/wp-json\/wp\/v2\/product_tag?post=15879"}],"curies":[{"name":"wp","href":"https:\/\/api.w.org\/{rel}","templated":true}]}}