{"id":15917,"date":"2025-10-28T17:06:39","date_gmt":"2025-10-28T10:06:39","guid":{"rendered":"https:\/\/web-ban-le.mbws.vn\/thiet-bi-dien-tu\/?post_type=product&#038;p=15917"},"modified":"2025-11-04T13:19:45","modified_gmt":"2025-11-04T06:19:45","slug":"tai-nghe-co-day-jack-type-c-chinh-hang-hoco-co-mic-am-thanh-vom-6d","status":"publish","type":"product","link":"https:\/\/web-ban-le.mbws.vn\/thiet-bi-dien-tu\/san-pham\/tai-nghe-co-day-jack-type-c-chinh-hang-hoco-co-mic-am-thanh-vom-6d\/","title":{"rendered":"Tai nghe c\u00f3 d\u00e2y jack type c ch\u00ednh h\u00e3ng HOCO c\u00f3 mic \u00e2m thanh v\u00f2m 6d"},"content":{"rendered":"<div class=\"e8lZp3\">\n<p class=\"QN2lPu\">* * * * * * * * * * * * * * * * * * * * * * * * * * * * * * * GI\u1edaI THI\u1ec6U  SHOP* * * * * * * * * * * * * * * * * * * * * * * * * * * * * * <\/p>\n<p class=\"QN2lPu\">\n<p class=\"QN2lPu\">&#8211; Th\u01b0\u01a1ng hi\u1ec7u Hoco \u0111\u00e3 ho\u1ea1t \u0111\u1ed9ng 10 n\u0103m \u0111\u00e3 kh\u1eb3ng \u0111\u1ecbnh \u0111\u01b0\u1ee3c ch\u1ea5t l\u01b0\u1ee3ng v\u00e0 vi th\u1ebf trong l\u00f2ng ng\u01b0\u1eddi ti\u00eau d\u00f9ng .<\/p>\n<p class=\"QN2lPu\">\n<p class=\"QN2lPu\">* * * * * * * * * * * * * * * * * * * * * * * * * * * * * * TH\u00d4NG TIN S\u1ea2N PH\u1ea8M* * * * * * * * * * * * * * * * * * * * * * * * * * * *<\/p>\n<p class=\"QN2lPu\">\n<p class=\"QN2lPu\">Phong c\u00e1ch: \u0111eo nh\u00e9t tai <\/p>\n<p class=\"QN2lPu\">Ch\u1ee9ng nh\u1eadn: CE<\/p>\n<p class=\"QN2lPu\">Ch\u1ee9ng nh\u1eadn: RoHS<\/p>\n<p class=\"QN2lPu\">Nguy\u00ean t\u1eafc \u00e2m h\u1ecdc: \u00e2m thanh n\u1ed5i <\/p>\n<p class=\"QN2lPu\">N\u00fat \u0111i\u1ec1u khi\u1ec3n: C\u00f3<\/p>\n<p class=\"QN2lPu\">Ch\u1ed1ng \u1ed3n ch\u1ee7 \u0111\u1ed9ng: Kh\u00f4ng<\/p>\n<p class=\"QN2lPu\">K\u1ebft n\u1ed1i: C\u00f3 d\u00e2y<\/p>\n<p class=\"QN2lPu\">Ki\u1ec3m so\u00e1t \u00e2m l\u01b0\u1ee3ng: C\u00f3<\/p>\n<p class=\"QN2lPu\">Kh\u00f4ng d\u00e2y: Kh\u00f4ng<\/p>\n<p class=\"QN2lPu\">Chi\u1ec1u d\u00e0i d\u00e2y: 1,1m<\/p>\n<p class=\"QN2lPu\">H\u1ed7 tr\u1ee3 APP: Kh\u00f4ng<\/p>\n<p class=\"QN2lPu\">Ch\u1ee9c n\u0103ng: Tai nghe chung<\/p>\n<p class=\"QN2lPu\">Ch\u1ee9c n\u0103ng: Cho \u0111i\u1ec7n tho\u1ea1i di \u0111\u1ed9ng<\/p>\n<p class=\"QN2lPu\">Ch\u1ee9c n\u0103ng: Tai nghe HiFi<\/p>\n<p class=\"QN2lPu\">Ch\u1ee9c n\u0103ng: Th\u1ec3 thao<\/p>\n<p class=\"QN2lPu\">Lo\u1ea1i ph\u00edch c\u1eafm: Lo\u1ea1i \u0111\u01b0\u1eddng d\u00e2y<\/p>\n<p class=\"QN2lPu\">G\u00f3i h\u00e0ng bao g\u1ed3m:  H\u01b0\u1edbng d\u1eabn s\u1eed d\u1ee5ng<\/p>\n<p class=\"QN2lPu\">D\u1ea3i tr\u1edf kh\u00e1ng: l\u00ean \u0111\u1ebfn 32 \u03a9<\/p>\n<p class=\"QN2lPu\">K\u1ebft n\u1ed1i: type c<\/p>\n<p class=\"QN2lPu\">\n<p class=\"QN2lPu\">\n<p class=\"QN2lPu\">B\u1ed8 S\u1ea2N PH\u1ea8M BAO G\u1ed2M<\/p>\n<p class=\"QN2lPu\">1 : TAI NGHE<\/p>\n<p class=\"QN2lPu\">\n<p class=\"QN2lPu\">* * * * * * * * * * * * * * * * * * * * * * * * * * QUY\u1ec0N L\u1ee2I C\u1ee6A KH\u00c1CH H\u00c0NG * * * * * * * * * * * * * * * * * * * * * * * * * * * <\/p>\n<p class=\"QN2lPu\">\n<p class=\"QN2lPu\">&#8211; H\u00e0ng ch\u00ednh h\u00e3ng 100%<\/p>\n<p class=\"QN2lPu\">&#8211; Lu\u00f4n lu\u00f4n s\u1eb5n h\u00e0ng , th\u1eddi gian \u0111\u00f3ng g\u00f3i nhanh tr\u00f3ng<\/p>\n<p class=\"QN2lPu\">&#8211; d\u1eef v\u1ecf h\u1ed9p \u0111\u1ec3 \u0111\u01b0\u1ee3c h\u1ed7 tr\u1ee3 khi s\u1ea3n ph\u1ea9m l\u1ed7i .<\/p>\n<\/div>\n","protected":false},"excerpt":{"rendered":"<p>* * * * * * * * * * * * * * * * * * * * * * * * * * * * * * * GI\u1edaI THI\u1ec6U SHOP* * * * * * * * * * * * * * * * * * * * * *&#8230;<\/p>\n","protected":false},"featured_media":15960,"comment_status":"open","ping_status":"closed","template":"","meta":[],"product_brand":[1881],"product_cat":[1673],"product_tag":[],"class_list":{"0":"post-15917","1":"product","2":"type-product","3":"status-publish","4":"has-post-thumbnail","6":"product_brand-hoco","7":"product_cat-headphones","9":"first","10":"instock","11":"sale","12":"shipping-taxable","13":"purchasable","14":"product-type-simple"},"_links":{"self":[{"href":"https:\/\/web-ban-le.mbws.vn\/thiet-bi-dien-tu\/wp-json\/wp\/v2\/product\/15917","targetHints":{"allow":["GET"]}}],"collection":[{"href":"https:\/\/web-ban-le.mbws.vn\/thiet-bi-dien-tu\/wp-json\/wp\/v2\/product"}],"about":[{"href":"https:\/\/web-ban-le.mbws.vn\/thiet-bi-dien-tu\/wp-json\/wp\/v2\/types\/product"}],"replies":[{"embeddable":true,"href":"https:\/\/web-ban-le.mbws.vn\/thiet-bi-dien-tu\/wp-json\/wp\/v2\/comments?post=15917"}],"wp:featuredmedia":[{"embeddable":true,"href":"https:\/\/web-ban-le.mbws.vn\/thiet-bi-dien-tu\/wp-json\/wp\/v2\/media\/15960"}],"wp:attachment":[{"href":"https:\/\/web-ban-le.mbws.vn\/thiet-bi-dien-tu\/wp-json\/wp\/v2\/media?parent=15917"}],"wp:term":[{"taxonomy":"product_brand","embeddable":true,"href":"https:\/\/web-ban-le.mbws.vn\/thiet-bi-dien-tu\/wp-json\/wp\/v2\/product_brand?post=15917"},{"taxonomy":"product_cat","embeddable":true,"href":"https:\/\/web-ban-le.mbws.vn\/thiet-bi-dien-tu\/wp-json\/wp\/v2\/product_cat?post=15917"},{"taxonomy":"product_tag","embeddable":true,"href":"https:\/\/web-ban-le.mbws.vn\/thiet-bi-dien-tu\/wp-json\/wp\/v2\/product_tag?post=15917"}],"curies":[{"name":"wp","href":"https:\/\/api.w.org\/{rel}","templated":true}]}}