{"id":15919,"date":"2025-10-28T17:06:39","date_gmt":"2025-10-28T10:06:39","guid":{"rendered":"https:\/\/web-ban-le.mbws.vn\/thiet-bi-dien-tu\/?post_type=product&#038;p=15919"},"modified":"2025-11-04T13:19:45","modified_gmt":"2025-11-04T06:19:45","slug":"sac-du-phong-20w-sac-nhanh-hoco-10000mah-dung-cho-cac-dong-dien-thoai-di-dong-hocomall","status":"publish","type":"product","link":"https:\/\/web-ban-le.mbws.vn\/thiet-bi-dien-tu\/san-pham\/sac-du-phong-20w-sac-nhanh-hoco-10000mah-dung-cho-cac-dong-dien-thoai-di-dong-hocomall\/","title":{"rendered":"S\u1ea1c d\u1ef1 ph\u00f2ng 20w s\u1ea1c nhanh HOCO 10000mAh d\u00f9ng cho c\u00e1c d\u00f2ng \u0111i\u1ec7n tho\u1ea1i di \u0111\u1ed9ng &#8230; hocomall"},"content":{"rendered":"<div class=\"e8lZp3\">\n<p class=\"QN2lPu\">\n<p class=\"QN2lPu\">* * * * * * * * * * * * * * * * * * * * * * * * * * * * * * * GI\u1edaI THI\u1ec6U  SHOP* * * * * * * * * * * * * * * * * * * * * * * * * * * * * * <\/p>\n<p class=\"QN2lPu\">\n<p class=\"QN2lPu\">&#8211; Th\u01b0\u01a1ng hi\u1ec7u Hoco \u0111\u00e3 ho\u1ea1t \u0111\u1ed9ng 10 n\u0103m \u0111\u00e3 kh\u1eb3ng \u0111\u1ecbnh \u0111\u01b0\u1ee3c ch\u1ea5t l\u01b0\u1ee3ng v\u00e0 vi th\u1ebf trong l\u00f2ng ng\u01b0\u1eddi ti\u00eau d\u00f9ng .<\/p>\n<p class=\"QN2lPu\">\n<p class=\"QN2lPu\">* * * * * * * * * * * * * * * * * * * * * * * * * * * * * * TH\u00d4NG TIN S\u1ea2N PH\u1ea8M* * * * * * * * * * * * * * * * * * * * * * * * * * * *<\/p>\n<p class=\"QN2lPu\">\n<p class=\"QN2lPu\">S\u1ea1c D\u1ef1 Ph\u00f2ng hoco th\u01b0\u01a1ng hi\u1ec7u chuy\u00ean s\u1ea3n xu\u1ea5t c\u00e1c ph\u1ee5 ki\u1ec7n d\u00e0nh cho \u0111i\u1ec7n tho\u1ea1i v\u1edbi c\u00e1c m\u1ee9c gi\u00e1 \u1edf t\u1ea7m trung<\/p>\n<p class=\"QN2lPu\">\n<p class=\"QN2lPu\">Nh\u00ecn v\u1ec1 thi\u1ebft k\u1ebf b\u00ean ngo\u00e0i b\u1ea1n c\u00f3 th\u1ec3 d\u1ec5 d\u00e0ng nh\u1eadn ra pin \u0111\u01b0\u1ee3c l\u00e0m t\u1eeb ch\u1ea5t li\u1ec7u l\u00e0 nh\u1ef1a ABS v\u00e0 PC, n\u00ean s\u1ebd kh\u00e1 ch\u1eafc ch\u1eafn v\u00e0 c\u1ee9ng c\u00e1p, 1 m\u1eb7t \u0111\u01b0\u1ee3c l\u00e0m nh\u1eb5n b\u00f3ng, m\u1eb7t c\u00f2n l\u1ea1i \u0111\u01b0\u1ee3c h\u1eb1n l\u00ean nh\u1eefng \u0111\u01b0\u1eddng k\u1ebb s\u1ecdc m\u1ed9t ph\u1ea7n d\u00f9ng \u0111\u1ec3 trang tr\u00ed v\u1eeba t\u0103ng \u0111\u1ed9 ma s\u00e1t, kh\u00f4ng gi\u1eef d\u1ea5u v\u00e2n tay c\u0169ng nh\u01b0 l\u00e0 m\u1ed3 h\u1ed3i \u0111\u1ec3 tr\u00e1nh tr\u01a1n tr\u01b0\u1ee3t.<\/p>\n<p class=\"QN2lPu\">\n<p class=\"QN2lPu\">Pin c\u00f2n \u0111\u01b0\u1ee3c t\u00edch h\u1ee3p h\u1ea7u h\u1ebft c\u00e1c c\u00f4ng ngh\u1ec7 ti\u00ean ti\u1ebfn nh\u1ea5t v\u1ec1 m\u1eb7t an to\u00e0n, pin s\u1ebd t\u1ef1 \u0111\u1ed9ng t\u1eaft ngu\u00f4n n\u1ebfu ph\u00e1t hi\u1ec7n b\u1ea5t k\u1ef3 s\u1ef1 c\u1ed1 b\u1ea5t th\u01b0\u1eddng n\u00e0o nh\u01b0 l\u00e0 r\u00f2 r\u1ec9 \u0111i\u1ec7n, qu\u00e1 t\u1ea3i, qu\u00e1 d\u00f2ng\u2026n\u00ean b\u1ea1n c\u1ee9 y\u00ean t\u00e2m m\u00e0 s\u1eed d\u1ee5ng.<\/p>\n<p class=\"QN2lPu\">\n<p class=\"QN2lPu\">B\u1ed8 S\u1ea2N PH\u1ea8M BAO G\u1ed2M<\/p>\n<p class=\"QN2lPu\">1 : pin s\u1ea1c<\/p>\n<p class=\"QN2lPu\">\n<p class=\"QN2lPu\">* * * * * * * * * * * * * * * * * * * * * * * * * * QUY\u1ec0N L\u1ee2I C\u1ee6A KH\u00c1CH H\u00c0NG * * * * * * * * * * * * * * * * * * * * * * * * * * * <\/p>\n<p class=\"QN2lPu\">\n<p class=\"QN2lPu\">&#8211; H\u00e0ng ch\u00ednh h\u00e3ng 100%<\/p>\n<p class=\"QN2lPu\">&#8211; Lu\u00f4n lu\u00f4n s\u1eb5n h\u00e0ng , th\u1eddi gian \u0111\u00f3ng g\u00f3i nhanh tr\u00f3ng<\/p>\n<p class=\"QN2lPu\">&#8211; d\u1eef v\u1ecf h\u1ed9p \u0111\u1ec3 \u0111\u01b0\u1ee3c h\u1ed7 tr\u1ee3 khi s\u1ea3n ph\u1ea9m l\u1ed7i .<\/p>\n<\/div>\n","protected":false},"excerpt":{"rendered":"<p>* * * * * * * * * * * * * * * * * * * * * * * * * * * * * * * GI\u1edaI THI\u1ec6U SHOP* * * * * * * * * * * * * * * * * * * * * *&#8230;<\/p>\n","protected":false},"featured_media":15972,"comment_status":"open","ping_status":"closed","template":"","meta":[],"product_brand":[1881],"product_cat":[1876],"product_tag":[],"class_list":{"0":"post-15919","1":"product","2":"type-product","3":"status-publish","4":"has-post-thumbnail","6":"product_brand-hoco","7":"product_cat-5-000-10-000-mah","9":"first","10":"instock","11":"sale","12":"shipping-taxable","13":"purchasable","14":"product-type-variable"},"_links":{"self":[{"href":"https:\/\/web-ban-le.mbws.vn\/thiet-bi-dien-tu\/wp-json\/wp\/v2\/product\/15919","targetHints":{"allow":["GET"]}}],"collection":[{"href":"https:\/\/web-ban-le.mbws.vn\/thiet-bi-dien-tu\/wp-json\/wp\/v2\/product"}],"about":[{"href":"https:\/\/web-ban-le.mbws.vn\/thiet-bi-dien-tu\/wp-json\/wp\/v2\/types\/product"}],"replies":[{"embeddable":true,"href":"https:\/\/web-ban-le.mbws.vn\/thiet-bi-dien-tu\/wp-json\/wp\/v2\/comments?post=15919"}],"wp:featuredmedia":[{"embeddable":true,"href":"https:\/\/web-ban-le.mbws.vn\/thiet-bi-dien-tu\/wp-json\/wp\/v2\/media\/15972"}],"wp:attachment":[{"href":"https:\/\/web-ban-le.mbws.vn\/thiet-bi-dien-tu\/wp-json\/wp\/v2\/media?parent=15919"}],"wp:term":[{"taxonomy":"product_brand","embeddable":true,"href":"https:\/\/web-ban-le.mbws.vn\/thiet-bi-dien-tu\/wp-json\/wp\/v2\/product_brand?post=15919"},{"taxonomy":"product_cat","embeddable":true,"href":"https:\/\/web-ban-le.mbws.vn\/thiet-bi-dien-tu\/wp-json\/wp\/v2\/product_cat?post=15919"},{"taxonomy":"product_tag","embeddable":true,"href":"https:\/\/web-ban-le.mbws.vn\/thiet-bi-dien-tu\/wp-json\/wp\/v2\/product_tag?post=15919"}],"curies":[{"name":"wp","href":"https:\/\/api.w.org\/{rel}","templated":true}]}}